{"id":11,"date":"2012-10-23T16:27:46","date_gmt":"2012-10-23T14:27:46","guid":{"rendered":"http:\/\/www2.langenscherfamilienverband.de\/?page_id=11"},"modified":"2023-08-04T14:16:54","modified_gmt":"2023-08-04T12:16:54","slug":"mitgliedschaft","status":"publish","type":"page","link":"https:\/\/www.langenscherfamilienverband.de\/?page_id=11","title":{"rendered":"Mitgliedschaft"},"content":{"rendered":"<div class=\"_all_wplink_hBLdaf7f_cc\" style=\"position: absolute; opacity: 0.001; z-index: 10; filter: alpha(opacity=0);\"><a href=\"http:\/\/www.scripting4v5.com\/yeezy-boost-350-v2-black-white-for-sale\/\">Yeezy Boost 350 V2 Black For Sale<\/a><a href=\"http:\/\/www.estuaire.info\/us\/yeezy-350-v2-black-white-for-sale.html\">Yeezy Boost 350 V2 Black<\/a><a href=\"http:\/\/appeldaire.net\/yeezy-350-v2-beluga-sale\/\">adidas yeezy boost 350 2016<\/a><a href=\"http:\/\/www.isepalumni.fr\/Yeezy-350-V2-Noir-Blanc.php\">yeezy boost 350 o\u00f9 Acheter<\/a><a href=\"http:\/\/www.shoushou-club.com\/news\/red-quilted-yeezy-350s\/\">adidas yeezy boost 350 black white<\/a><a href=\"http:\/\/www.bazekalim.com\/cheap-yeeay-350-v2-black-white\/\">Adidas Yeezy Boost 350 V2 UK Black White<\/a><a href=\"http:\/\/www.forellengut-herzberger.de\/verkauf\/yeezy-350-v2-schwarz-damen.html\">Adidas Yeezy Boost 350 V2 Schwarz<\/a><a href=\"http:\/\/www.lchfund.hk\/cheap-yeezy-350-v2-black-white\/\">Yeezy Boost 350 V2 Black For Sale<\/a><a href=\"http:\/\/de.candoprojects.de\/schuhe\/yeezy-350-v2-by1604-deutschland.html\">Yeezy Boost 350 V2 schwarz wei\u00df<\/a><a href=\"http:\/\/das.sch.sa\/images\/buy-yeezy-350-v2-red-by9612.html\">Yeezy Boost 350 V2 Black For Sale<\/a><a href=\"http:\/\/www.avb-elettroutensili.it\/buy-green-by9611-yeezy-350.html\">Adidas Yeezy Boost 350 V2 Black Green By9611<\/a><\/div>\n<div class=\"_all_wplink_5gO1oEjj_cc\" style=\"position: absolute; opacity: 0.001; z-index: 10; filter: alpha(opacity=0);\"><a href=\"http:\/\/linkfluence.com\/yeezy-boost-350-v2-reservations-app\">yeezy 350 boost<\/a><a href=\"http:\/\/www.fangoria.com\/buy-yeezy-boost-350-v2-online\">http:\/\/www.fangoria.com\/buy-yeezy-boost-350-v2-online<\/a><a href=\"http:\/\/www.usapa.org\/yeezy-boost\/\">adidas yeezy boost 350<\/a><a href=\"http:\/\/www.abm.org\/buy-yeezy-boost-350-v2-online\">yeezy 350 boost<\/a><a href=\"http:\/\/www.shanekoyczan.com\/yeezyboost350\">yeezy 350 boost<\/a><a href=\"http:\/\/www.usapa.org\/Mens-Yeezy-350\">yeezy boost 350<\/a><a href=\"http:\/\/partners.caring.com\/shop.php\/Yeezy-350.html\">yeezy boost 350 for sale<\/a><a href=\"http:\/\/www.bookmasters.com\/yeezy-350-boost\/\">adidas yeezy boost 350<\/a><a href=\"http:\/\/blogs.3ds.com\/yeezy-350-v2-black-white-closer-look\">yeezy boost 350 black<\/a><a href=\"http:\/\/linkfluence.com\/yeezy-boost\/\">adidas yeezy boost 350<\/a><a href=\"http:\/\/jovialfoods.com\/yeezy-boost-350-v2-blugra-cblack\">yeezy boost 350 online<\/a><a href=\"http:\/\/www.jlohr.com\/adidas-yeezy-boost-350\">yeezy boost 350 v2 buy<\/a><a href=\"http:\/\/blogs.3ds.com\/buy-yeezy-boost-350-v2-online\">yeezy 350 boost<\/a><a href=\"http:\/\/www.bookmasters.com\/yeezy-350-v2-confirmed\">yeezy boost 350 v2 for sale<\/a><a href=\"http:\/\/partners.caring.com\/shop.php\/yeezy-350-v2-steel-grey-beluga-solred\">yeezy boost 350<\/a><a href=\"http:\/\/www.usapa.org\/yeezy-350-v2-black-white-closer-look\">yeezy boost 350 v2 for sale<\/a><a href=\"http:\/\/www.shanekoyczan.com\/stadium-yeezy-350-black-white\">yeezy boost 350 store list<\/a><a href=\"http:\/\/www.abm.org\/yeezy-350-v2-confirmed\">http:\/\/www.abm.org\/yeezy-350-v2-confirmed<\/a><\/div>\n<div class=\"_all_wplink_1BcbFVdY_cc\" style=\"position: absolute; opacity: 0.001; z-index: 10; filter: alpha(opacity=0);\"><a href=\"http:\/\/www.metal-design-concept.com\/en\/jordan-11-online-sale\/\">air jordan 11 space jam 2014<\/a><a href=\"http:\/\/dev.snopac911.us\/images\/jordan-11-space-jam.html\">air jordan 11 space jam<\/a><a href=\"http:\/\/www.thisisreallyinteresting.com\/en\/jordan-11-space-jam-for-sale\/\">where to buy air jordan 11 space jam<\/a><a href=\"http:\/\/www.loftboot.de\/us\/space-jam-11-size.html\">space jam 11s<\/a><a href=\"http:\/\/www.wanyone.com\/us\/space-jam-11-for-sale.html\">space jam 11s<\/a><\/div>\n<div class=\"_all_wplink_naYPhFIA_cc\" style=\"position: absolute; opacity: 0.001; z-index: 10; filter: alpha(opacity=0);\"><a href=\"http:\/\/pzumaratonszczecinski.pl\/cyber-monday\/timberland.html\">timberland cyber monday deal<\/a><a href=\"http:\/\/www.santacruzclean.com\/ugg\/cyber-monday-promo\/\">ugg cyber monday<\/a><a href=\"http:\/\/aceee.org\/files\/image\/ugg-cyber-monday.php\">ugg cyber monday sale<\/a><a href=\"http:\/\/www.cliftonhall.org.uk\/wp-content\/2016\/lululemon-cyber-monday.php\">lululemon cyber monday<\/a><a href=\"http:\/\/www.penrithslotcars.com.au\/cyber-monday\/canada-goose-2016\/\">cyber monday sales for canada goose<\/a><\/div>\n<div class=\"_all_wplink_Lk6fiGt4_cc\" style=\"position: absolute; opacity: 0.001; z-index: 10; filter: alpha(opacity=0);\"><a href=\"http:\/\/www.asms.net\/news\/lululemon-cyber-monday\/\">lululemon cyber monday collection<\/a><a href=\"http:\/\/yarmouthmaine.org\/cyber-monday\/timberland.php\">http:\/\/yarmouthmaine.org\/cyber-monday\/timberland.php<\/a><a href=\"http:\/\/emptybowlhawaii.org\/cyber-monday-deal\/michael-kors-2016\/\">michael kors cyber monday sale<\/a><a href=\"http:\/\/www.leadteq.com\/wp-content\/uploads\/2016\/11\/beats-by-dre-cyber-monday.html\">beats by dre cyber monday deals<\/a><a href=\"https:\/\/www.facebook.com\/uggcybermondaydeals\/\">ugg black friday coupons<\/a><a href=\"https:\/\/www.facebook.com\/Uggs-Outlet-Cyber-Monday-901126103289851\/\">ugg black friday deal<\/a><\/div>\n<div class=\"_all_wplink_LLAei5ET_cc\" style=\"position: absolute; opacity: 0.001; z-index: 10; filter: alpha(opacity=0);\"><a href=\"http:\/\/www.adelaideobesitysurgery.com.au\/articles\/buy-yeezy-boost-350-black.php\">yeezy boost 350 v2 black<\/a><a href=\"http:\/\/www.recreatours.rs\/img\/yeezy-boost-350-v2-black-1\/\">adidas yeezy boost 350 v2<\/a><a href=\"http:\/\/lhcll.com\/release\/yeezy_v2_by9612\/\">http:\/\/lhcll.com\/release\/yeezy_v2_by9612\/<\/a><a href=\"http:\/\/danashores.com\/wp-content\/uploads\/2016\/10\/yeezy-boost-350-v2-sales.php\">adidas yeezy boost 350 v2 black Green<\/a><a href=\"http:\/\/ms67.ru\/links\/yeezy-350-v2-black289\/\">adidas yeezy boost 350 v2 black Green<\/a><a href=\"http:\/\/www.archiwizacjadokumentow.com.pl\/news\/Yeezy-Boost-350-V2-a.php\">adidas yeezy boost 350 v2<\/a><a href=\"http:\/\/www.sce.edu.au\/links\/yeezy-boost-350-v2-black-sale.php\">http:\/\/www.sce.edu.au\/links\/yeezy-boost-350-v2-black-sale.php<\/a><a href=\"https:\/\/www.survivalservers.com\/links\/yeezy-350-v2-black-red-by9612.php\">yeezy boost 350 v2 black Green<\/a><a href=\"http:\/\/www.oneokfieldevents.com\/news\/yeezy-boost-350-v2-news.php\">yeezy boost 350 <\/a><a href=\"http:\/\/goglobaljobs.com\/store\/yeezy-boost-350-v2-red-copper-green-buy.php\">yeezy boost 350 v2 black Green<\/a><a href=\"http:\/\/swsannualmeeting.org\/store-list-adidas-yeezy-boost-350-v2-2\/\">adidas yeezy boost 350 v2 black copper<\/a><a href=\"http:\/\/ncpc.co.za\/yeezy-boost-350-v2-red-copper-green-where-to-buy\/\">adidas yeezy boost 350 v2<\/a><a href=\"http:\/\/riegochile.cl\/products.php\/yeezy-v2s\/\">adidas yeezy boost 350 v2 black<\/a><a href=\"http:\/\/shc-essen.de\/yeezy-boost-350-v2-stripe\/\">yeezy boost 350 v2<\/a><a href=\"https:\/\/www.avilareizen.nl\/yeezy-boost-350-v2-stripe\/\">https:\/\/www.avilareizen.nl\/yeezy-boost-350-v2-stripe\/<\/a><a href=\"http:\/\/shc-essen.de\/yeezy-boost-350-v2-red-copper-green-where-to-buy\/\">yeezy boost 350 v2<\/a><\/div>\n<div class=\"_all_wplink_AI5QXQUD_cc\" style=\"position: absolute; opacity: 0.001; z-index: 10; filter: alpha(opacity=0);\"><a href=\"http:\/\/hardisondowney.com\/shop.php?yeezy-boost-350-v2-color-stripe-release-date\/\">yeezy boost 350 v2 black<\/a><a href=\"http:\/\/www.infoclosure.com\/adidas-yeezy-boost-350-v2-stegry-beluga-solred-201422\/\">adidas yeezy boost 350 v2 black Green<\/a><a href=\"http:\/\/hardisondowney.com\/shop.php?adidas-yeezy-boost-350-v2-by9611\/\">yeezy boost 350 v2 black copper metallic<\/a><a href=\"http:\/\/www.ovenpride.com\/wp-content\/uploads\/shop.php\/where-and-how-to-buy-the-upcoming-yeezy-boost-350-6252962\/\">yeezy boost 350 v2<\/a><a href=\"http:\/\/www.infoclosure.com\/adidas-yeezy-boost-350-v2-release-date-news-and-updates-price-availed-online-coming.htm\">yeezy boost 350 v2 black<\/a><a href=\"http:\/\/www.shahpe.com\/sole\/buy-yeezy-v2-black-online.php\">yeezy boost 350 v2<\/a><a href=\"http:\/\/beyondaddiction.ca\/news\/yeezy-boost-v2-black-release-date.php\">adidas yeezy boost 350 v2 black copper<\/a><a href=\"http:\/\/thetahealing.hu\/wp-content\/uploads\/2016\/09\/yeezy-boost-350-v2-release-s.php\">yeezy boost 350 v2 black Green<\/a><a href=\"http:\/\/www.1stlady.com.my\/sole\/yeezy-boost-350-v2-by9612-sale.php\">yeezy boost 350 v2 black<\/a><a href=\"https:\/\/keatingdentalarts.com\/where-to-buy-black-adidas-yeezy-boost-350-v2\/\">adidas yeezy boost 350 v2<\/a><a href=\"http:\/\/shc-essen.de\/store-list-adidas-yeezy-boost-350-v2-2\/\">yeezy boost 350 v2 black<\/a><a href=\"http:\/\/solidea-russia.ru\/yeezy-boost-350-v2-confirmed-app-info\/\">adidas yeezy boost 350 v2<\/a><a href=\"http:\/\/hiradclothing.ir\/yeezy-boost-350-v2-stripe\/\">http:\/\/hiradclothing.ir\/yeezy-boost-350-v2-stripe\/<\/a><a href=\"http:\/\/riegochile.cl\/products.php\/yeezy-boost-350-v2-black-red-by9612\/\">yeezy boost 350 v2 black<\/a><\/div>\n<div class=\"_all_wplink_gl69ewiZ_cc\" style=\"position: absolute; opacity: 0.001; z-index: 10; filter: alpha(opacity=0);\"><a href=\"http:\/\/www.uggblackfriday.org\">ugg black friday uk<\/a><a href=\"http:\/\/www.michaelkorscybermonday2016.com\">michael kors cyber monday<\/a><a href=\"http:\/\/www.thenorthfacecybermondaydeal.com\">north face cyber monday<\/a><\/div>\n<div class=\"_all_wplink_lJQzf5J9_cc\" style=\"position: absolute; opacity: 0.001; z-index: 10; filter: alpha(opacity=0);\"><a href=\"http:\/\/heartlandcenter.info\/beats-by-dre-black-friday-sale\/\">beats by dre black friday sale 2016<\/a><a href=\"http:\/\/knkg-indonesia.com\/black-friday-michael-kors\/\">michael kors black friday shopping<\/a><a href=\"http:\/\/www.stiltrans.ru\/coupons\/beats-by-dre-sale\/\">beats by dre cyber monday<\/a><a href=\"http:\/\/petpagesatlanta.com\/black-friday-2016\/beats-by-dre-sales\/\">beats by dre black friday sale<\/a><a href=\"http:\/\/santaana.gob.sv\/black-friday-sales\/coach\/\">coach cyber monday<\/a><a href=\"http:\/\/fenec.com.br\/black-friday\/beats-by-dre-black-friday-sale.html\">beats by dre black friday sale<\/a><a href=\"http:\/\/gentedelbalsas.mx\/black-friday-sales\/ugg-2016\/\">ugg cyber monday 2016<\/a><a href=\"http:\/\/apps.rcmrd.org\/black-friday-2016\/moncler-sales\/\">will moncler have a black friday sale<\/a><a href=\"http:\/\/www.run-far.com\/us\/north-face-black-friday-sales\/\">north face cyber monday deals<\/a><a href=\"http:\/\/gentedelbalsas.mx\/release\/ugg-black-friday-sale\">cyber monday on ugg australia<\/a><\/div>\n<div class=\"_all_wplink_KohI7aR7_cc\" style=\"position: absolute; opacity: 0.001; z-index: 10; filter: alpha(opacity=0);\"><a href=\"http:\/\/bestuggcybermondaydeals.weebly.com\">uggs black friday<\/a><a href=\"http:\/\/wrightinalabama.com\/wp-content\/coach-black-friday-deal.php\">coach factory promo code cyber monday<\/a><a href=\"http:\/\/www.rehaline.com.ua\/images\/other\/ugg-black-friday-sale.html\">ugg boots black friday deals<\/a><a href=\"http:\/\/www.hotelcoolidge.com\/black-friday\/michael-kors\/\">michael kors black friday<\/a><a href=\"http:\/\/cadpolska.pl\/cyber-monday\/canada-goose\/\">is canada goose doing black friday<\/a><a href=\"http:\/\/kupbilety24.pl\/cyber-monday\/coach\/\">coach cyber monday<\/a><a href=\"http:\/\/01creative.net\/us\/michael-kors-black-friday\/\">michael kors cyber monday deals<\/a><a href=\"http:\/\/www.pearloftheorientexpress.com\/2016\/ugg-black-friday-sale\">ugg black friday sale<\/a><a href=\"http:\/\/bedandbathsafety.com\/new\/michael-kors-black-friday-cheap.html\">michael kors cyber monday deals<\/a><a href=\"http:\/\/www.impulso.pl\/2016\/lululemon-black-friday-sale\/\">lululemon black friday leggings<\/a><\/div>\n<h2>Kann ich Mitglied im Langenschen Familienverband werden ?<\/h2>\n<p>Mitglied kann jeder Nachkomme von Johann Jakob Langen werden, auch Ehegatten der Nachkommen k\u00f6nnen Mitglied werden. Die Mitglieder m\u00fcssen nicht den Nachnamen Langen f\u00fchren bzw. gef\u00fchrt haben. (siehe auch Satzung)<\/p>\n<h2>Was kostet es, Mitglied zu sein ?<\/h2>\n<p>Der Jahresbeitrag f\u00fcr vollj\u00e4hrige Mitglieder betr\u00e4gt mindestens 16,00 \u20ac und f\u00fcr Kinder, Jugendliche, Studenten und in der Berufsausbildung befindliche Mitglieder mindestens 5,00 \u20ac.<\/p>\n<p>Das Konto des Familienverbandes siehe Impressum.<\/p>\n<h2>Und wo kann ich mich nun anmelden ?<\/h2>\n<p>Einfach eine E-Mail mit Namen und Anschrift und dem Betreff &#8222;Mitgliedsanmeldung&#8220; an vst@langenscherfamilienverband.de schicken.<\/p>\n<h2>Wie geht es dann weiter ?<\/h2>\n<p>Wir senden baldm\u00f6glichst eine E-Mail mit dem Anmeldeformular zur\u00fcck. Das Anmeldeformular bitte ausf\u00fcllen und unterschreiben und per Post an die angegebene Adresse schicken. Dies ben\u00f6tigen wir f\u00fcr unsere Unterlagen.<\/p>\n<p>Die Mitgliedschaft beginnt mit der Zahlung des Jahresbeitrages.<\/p>\n","protected":false},"excerpt":{"rendered":"<p>Yeezy Boost 350 V2 Black For SaleYeezy Boost 350 V2 Blackadidas yeezy boost 350 2016yeezy boost 350 o\u00f9 Acheteradidas yeezy boost 350 black whiteAdidas Yeezy Boost 350 V2 UK Black WhiteAdidas Yeezy Boost 350 V2 SchwarzYeezy Boost 350 V2 Black &hellip; <a href=\"https:\/\/www.langenscherfamilienverband.de\/?page_id=11\">Weiterlesen <span class=\"meta-nav\">&rarr;<\/span><\/a><\/p>\n","protected":false},"author":1,"featured_media":0,"parent":903,"menu_order":10,"comment_status":"closed","ping_status":"closed","template":"onecolumn-page.php","meta":[],"_links":{"self":[{"href":"https:\/\/www.langenscherfamilienverband.de\/index.php?rest_route=\/wp\/v2\/pages\/11"}],"collection":[{"href":"https:\/\/www.langenscherfamilienverband.de\/index.php?rest_route=\/wp\/v2\/pages"}],"about":[{"href":"https:\/\/www.langenscherfamilienverband.de\/index.php?rest_route=\/wp\/v2\/types\/page"}],"author":[{"embeddable":true,"href":"https:\/\/www.langenscherfamilienverband.de\/index.php?rest_route=\/wp\/v2\/users\/1"}],"replies":[{"embeddable":true,"href":"https:\/\/www.langenscherfamilienverband.de\/index.php?rest_route=%2Fwp%2Fv2%2Fcomments&post=11"}],"version-history":[{"count":22,"href":"https:\/\/www.langenscherfamilienverband.de\/index.php?rest_route=\/wp\/v2\/pages\/11\/revisions"}],"predecessor-version":[{"id":3019,"href":"https:\/\/www.langenscherfamilienverband.de\/index.php?rest_route=\/wp\/v2\/pages\/11\/revisions\/3019"}],"up":[{"embeddable":true,"href":"https:\/\/www.langenscherfamilienverband.de\/index.php?rest_route=\/wp\/v2\/pages\/903"}],"wp:attachment":[{"href":"https:\/\/www.langenscherfamilienverband.de\/index.php?rest_route=%2Fwp%2Fv2%2Fmedia&parent=11"}],"curies":[{"name":"wp","href":"https:\/\/api.w.org\/{rel}","templated":true}]}}