{"id":1117,"date":"2014-06-02T18:05:08","date_gmt":"2014-06-02T16:05:08","guid":{"rendered":"http:\/\/www.langenscherfamilienverband.de\/?page_id=1117"},"modified":"2019-04-11T09:58:51","modified_gmt":"2019-04-11T07:58:51","slug":"2014-in-loccum","status":"publish","type":"page","link":"https:\/\/www.langenscherfamilienverband.de\/?page_id=1117","title":{"rendered":"2014 Loccum"},"content":{"rendered":"<h1>2014 in Loccum<\/h1>\n<p>Der Familientag 2014 hat vom 3.-5. Oktober 2014 in Loccum stattgefunden. Information \u00fcber den Familientag siehe auf der Seite Familienverband unter Nachrichtenbl\u00e4tter und unter Literatur &#8211; Gehaltene Vortr\u00e4ge und Predigten bei den Familientagen.<\/p>\n<p><a href=\"http:\/\/www.langenscherfamilienverband.de\/wp-content\/uploads\/2019\/03\/Vortrag-Dr.-Dirk-M\u00fctze.pdf\">Vortrag: \u201eGeschichte verstehen, Gegenwart verantworten, Zukunft gestalten\u201c<\/a><\/p>\n<p><a href=\"http:\/\/www.langenscherfamilienverband.de\/wp-content\/uploads\/2019\/03\/Vortrag-Dr.-Arnold-Esch.pdf\">Vortrag: \u201eGro\u00dfe Geschichte und kleines Leben. Wie kommen gew\u00f6hnliche Menschen in historische Quellen?\u201c<\/a><\/p>\n","protected":false},"excerpt":{"rendered":"<p>2014 in Loccum Der Familientag 2014 hat vom 3.-5. Oktober 2014 in Loccum stattgefunden. Information \u00fcber den Familientag siehe auf der Seite Familienverband unter Nachrichtenbl\u00e4tter und unter Literatur &#8211; Gehaltene Vortr\u00e4ge und Predigten bei den Familientagen. Vortrag: \u201eGeschichte verstehen, Gegenwart &hellip; <a href=\"https:\/\/www.langenscherfamilienverband.de\/?page_id=1117\">Weiterlesen <span class=\"meta-nav\">&rarr;<\/span><\/a><\/p>\n","protected":false},"author":1,"featured_media":0,"parent":375,"menu_order":0,"comment_status":"closed","ping_status":"closed","template":"onecolumn-page.php","meta":[],"_links":{"self":[{"href":"https:\/\/www.langenscherfamilienverband.de\/index.php?rest_route=\/wp\/v2\/pages\/1117"}],"collection":[{"href":"https:\/\/www.langenscherfamilienverband.de\/index.php?rest_route=\/wp\/v2\/pages"}],"about":[{"href":"https:\/\/www.langenscherfamilienverband.de\/index.php?rest_route=\/wp\/v2\/types\/page"}],"author":[{"embeddable":true,"href":"https:\/\/www.langenscherfamilienverband.de\/index.php?rest_route=\/wp\/v2\/users\/1"}],"replies":[{"embeddable":true,"href":"https:\/\/www.langenscherfamilienverband.de\/index.php?rest_route=%2Fwp%2Fv2%2Fcomments&post=1117"}],"version-history":[{"count":26,"href":"https:\/\/www.langenscherfamilienverband.de\/index.php?rest_route=\/wp\/v2\/pages\/1117\/revisions"}],"predecessor-version":[{"id":2604,"href":"https:\/\/www.langenscherfamilienverband.de\/index.php?rest_route=\/wp\/v2\/pages\/1117\/revisions\/2604"}],"up":[{"embeddable":true,"href":"https:\/\/www.langenscherfamilienverband.de\/index.php?rest_route=\/wp\/v2\/pages\/375"}],"wp:attachment":[{"href":"https:\/\/www.langenscherfamilienverband.de\/index.php?rest_route=%2Fwp%2Fv2%2Fmedia&parent=1117"}],"curies":[{"name":"wp","href":"https:\/\/api.w.org\/{rel}","templated":true}]}}