{"id":1137,"date":"2014-08-21T12:55:12","date_gmt":"2014-08-21T10:55:12","guid":{"rendered":"http:\/\/www.langenscherfamilienverband.de\/?page_id=1137"},"modified":"2023-08-04T14:15:09","modified_gmt":"2023-08-04T12:15:09","slug":"impressum","status":"publish","type":"page","link":"https:\/\/www.langenscherfamilienverband.de\/?page_id=1137","title":{"rendered":"Impressum"},"content":{"rendered":"<p><strong>Kontakt\/Herausgeber:<\/strong><br \/>Langenscher Familienverband e.V., K\u00f6ln<br \/>Pescher Str. 237<br \/>41065 \u00a0M\u00f6nchengladbach<br \/>vst@langenscherfamilienverband.de<\/p>\n<p><strong>Vereins-Nummer:<\/strong><br \/>VR 4268 beim Amtsgericht K\u00f6ln<\/p>\n<p><strong>Bankverbindung:<\/strong><br \/>Sparkasse K\u00f6lnBonn<br \/>IBAN: DE 84 3705 0198 0006 3731 61<br \/>SWIFT-BIC: COLS DE 33<\/p>\n\n\n<p><strong>Reproduktion:\n<\/strong><\/p>\n\n\n\n<p class=\"has-small-font-size\"><em>Die in der Homepage ver\u00f6ffentlichen Beitr\u00e4ge und Abbildungen sind urheberrechtlich gesch\u00fctzt. Jede Verwendung au\u00dferhalb der Grenzen des Urheberrechtsgesetzes ist ohne Zustimmung des Langenschen Familienverbandes e.V., K\u00f6ln unzul\u00e4ssig und strafbar. Bei den namentlich gekennzeichneten Artikeln sind die Urheberrechte beim Autor bzw. Autorin. Die darin wiedergegebene Meinung vertritt die des Verfassers\/der Verfasserin und muss nicht unbedingt mit der des Herausgebers dieser Homepage \u00fcbereinstimmen.                                                                                          Bei einem schriftlichen Einspruch gegen die Ver\u00f6ffentlichung pers\u00f6nlicher Daten in der Homepage, werden diese Daten umgehend gel\u00f6scht. Der Einspruch ist zu richten an oben genannte Adresse.<\/em><\/p>\n\n\n\n<p><\/p>\n\n\n\n<p><\/p>\n","protected":false},"excerpt":{"rendered":"<p>Kontakt\/Herausgeber:Langenscher Familienverband e.V., K\u00f6lnPescher Str. 23741065 \u00a0M\u00f6nchengladbachvst@langenscherfamilienverband.de Vereins-Nummer:VR 4268 beim Amtsgericht K\u00f6ln Bankverbindung:Sparkasse K\u00f6lnBonnIBAN: DE 84 3705 0198 0006 3731 61SWIFT-BIC: COLS DE 33 Reproduktion: Die in der Homepage ver\u00f6ffentlichen Beitr\u00e4ge und Abbildungen sind urheberrechtlich gesch\u00fctzt. Jede Verwendung au\u00dferhalb der &hellip; <a href=\"https:\/\/www.langenscherfamilienverband.de\/?page_id=1137\">Weiterlesen <span class=\"meta-nav\">&rarr;<\/span><\/a><\/p>\n","protected":false},"author":1,"featured_media":0,"parent":0,"menu_order":0,"comment_status":"closed","ping_status":"closed","template":"","meta":[],"_links":{"self":[{"href":"https:\/\/www.langenscherfamilienverband.de\/index.php?rest_route=\/wp\/v2\/pages\/1137"}],"collection":[{"href":"https:\/\/www.langenscherfamilienverband.de\/index.php?rest_route=\/wp\/v2\/pages"}],"about":[{"href":"https:\/\/www.langenscherfamilienverband.de\/index.php?rest_route=\/wp\/v2\/types\/page"}],"author":[{"embeddable":true,"href":"https:\/\/www.langenscherfamilienverband.de\/index.php?rest_route=\/wp\/v2\/users\/1"}],"replies":[{"embeddable":true,"href":"https:\/\/www.langenscherfamilienverband.de\/index.php?rest_route=%2Fwp%2Fv2%2Fcomments&post=1137"}],"version-history":[{"count":17,"href":"https:\/\/www.langenscherfamilienverband.de\/index.php?rest_route=\/wp\/v2\/pages\/1137\/revisions"}],"predecessor-version":[{"id":3017,"href":"https:\/\/www.langenscherfamilienverband.de\/index.php?rest_route=\/wp\/v2\/pages\/1137\/revisions\/3017"}],"wp:attachment":[{"href":"https:\/\/www.langenscherfamilienverband.de\/index.php?rest_route=%2Fwp%2Fv2%2Fmedia&parent=1137"}],"curies":[{"name":"wp","href":"https:\/\/api.w.org\/{rel}","templated":true}]}}