{"id":2,"date":"2012-10-05T10:51:06","date_gmt":"2012-10-05T08:51:06","guid":{"rendered":"http:\/\/www2.langenscherfamilienverband.de\/?page_id=2"},"modified":"2019-03-19T09:48:12","modified_gmt":"2019-03-19T08:48:12","slug":"sample-page","status":"publish","type":"page","link":"https:\/\/www.langenscherfamilienverband.de\/","title":{"rendered":"Historie"},"content":{"rendered":"<p><span style=\"font-family: Arial,Helvetica,Geneva,Swiss,SunSans-Regular; font-size: medium;\">Im Oberbergischen Kreis Nordrhein-Westfalens liegt die Gemeinde Marienberghausen und die kleine Ortschaft Gerhardsiefen. Dort lebte gegen Mitte des 17. Jahrhunderts (Drei\u00dfigj\u00e4hriger Krieg 1618 bis 1648) der Kirchmeister und Schultheiss <strong>Johannes Lang<\/strong> mit seiner Ehefrau Traut. Johannes Lang wird im Kirchbuch der reformierten Gemeinde von Marienberghausen zuerst im Jahre 1665 genannt. Ob er damals als Vater oder als Pate ein Kind taufen lie\u00df, ist aus den vergilbten Bl\u00e4ttern nicht zu erkennen. Vermutet wird, dass Johannes Lang der Vater von <strong>Sebastian Lang<\/strong> ist und er somit das dritte Kind in der Ehe von Johannes Lang und Traut war. Sebastian Lang wird erstmalig 1675 im Kirchbuch genannt. Am 16. M\u00e4rz 1698 lie\u00df er seinen Sohn Johannes taufen. Sebastian Lang und sein Sohn sind der erste und zweite nachweisbare Vorfahre unserer Familie.<br \/>\n<\/span><\/p>\n<p><span style=\"font-family: Arial,Helvetica,Geneva,Swiss,SunSans-Regular; font-size: medium;\">\u00dcber <strong>Johannes Lang<\/strong> sind aus dem Kirchbuch genauere Daten bekannt. So wei\u00df man, dass er am 12. August 1722 Gertrauth Schnabel heiratete. Das Ehepaar mu\u00df zeitweise &#8222;in der Hardt&#8220; oder &#8222;zur Hardt&#8220; an der Broel im Kirchspiel Marienberghausen gewohnt haben, denn dort wurde ihr Sohn <strong>Jakob Heinrich Lang<\/strong>, <strong>sp\u00e4ter auch Lange genannt<\/strong>, geboren und am 12. April 1733 getauft. Dieser unser dritter nachweisbarer Vorfahre zog in jungen Jahren nach Bergisch Gladbach. Hier heiratete er am 9. November 1755 Maria Katharina Schuhmacher und war von 1776 bis zu seinem Tod im Jahre 1805 als B\u00e4ckermeister t\u00e4tig. Alle acht Kinder dieser Ehe wurden in Bergisch Gladbach geboren und getauft. So ist es den B\u00fcchern der reformierten Kirchengemeinde zu Bergisch Gladbach zu entnehmen. Das zweite Kind ist <strong>Johann Jakob Lange<\/strong>, <strong>sp\u00e4ter Langen genannt<\/strong>, geboren 1758 und gestorben am 26. Dezember 1844 in K\u00f6ln.<br \/>\n<\/span><\/p>\n<p><span style=\"font-family: Arial,Helvetica,Geneva,Swiss,SunSans-Regular; font-size: medium;\"><strong>Johann Jakob Langen der \u00c4ltere<\/strong> wurde durch den Schullehrer J.Peter Breidhard an der evangelischen Schule in Bergisch Gladbach gef\u00f6rdert und zum Schulmeister ausgebildet und ist diesem Beruf f\u00fcrs Leben treu geblieben. Von 1776 bis 1780 war er &#8222;Junglehrer&#8220; ( Lehrer in der Ausbildung) in Bergisch Gladbach und von 1780 bis 1785 Lehrer in Berghausen in der Gemeinde H\u00fcckeswagen. 1785 erhielt er einen Ruf an die Pfarrschule in D\u00fcssel \/ Kreis Mettmann und war dort \u00fcber 44 Jahre als Lehrer t\u00e4tig. Mit seinem 50 j\u00e4hrigen Jubil\u00e4um beendete er 1829 sein Lehramt.<br \/>\n<\/span><\/p>\n<p><span style=\"font-family: Arial,Helvetica,Geneva,Swiss,SunSans-Regular; font-size: medium;\">Johann Jakob der \u00c4ltere heiratete am 4. Oktober 1791 Anna Maria H\u00f6lterhof. Sie hatten sechs Kinder. Das j\u00fcngste Kind ist <strong>Johann Jakob Langen der J\u00fcngere<\/strong>, geboren am 17. Dezember 1794 in D\u00fcssel und gestorben 1869 in K\u00f6ln.<br \/>\n<\/span><\/p>\n<p><span style=\"font-family: Arial,Helvetica,Geneva,Swiss,SunSans-Regular; font-size: medium;\">\u00dcbermittelt hat Johann Jakob der \u00c4ltere das von ihm Erlebte in seinem &#8222;Annotationsbuch&#8220;, welches sich im Archiv des Langenschen Familienverbandes befindet.<br \/>\n<\/span><\/p>\n<p><span style=\"font-family: Arial,Helvetica,Geneva,Swiss,SunSans-Regular; font-size: medium;\"><strong>Johann Jakob Langen der J\u00fcngere ist der Stammvater unserer Familie<\/strong>.<br \/>\n<\/span><\/p>\n<p><span style=\"font-family: Arial,Helvetica,Geneva,Swiss,SunSans-Regular; font-size: medium;\">Nachzulesen ist das Erforschte \u00fcber unsere Vorfahren und die weitere Entwicklung der Familie und ihrer St\u00e4mme in den zwei <a href=\"http:\/\/www.langenscherfamilienverband.de\/?page_id=568\">Chroniken<\/a><br \/>\n<\/span><\/p>\n<p><span style=\"font-family: Arial,Helvetica,Geneva,Swiss,SunSans-Regular; font-size: medium;\">&#8211; Chronik der Familie Johann Jakob Langen in K\u00f6ln<br \/>\n<\/span><span style=\"font-family: Arial,Helvetica,Geneva,Swiss,SunSans-Regular; font-size: medium;\">herausgegeben von C.O.Langen dem J\u00fcngeren im Fr\u00fchjahr 1899 in M\u00f6nchengladbach.<br \/>\n<\/span><\/p>\n<p><span style=\"font-family: Arial,Helvetica,Geneva,Swiss,SunSans-Regular; font-size: medium;\">&#8211; Johann Jakob Langen (1794 &#8211; 1869) und seine Sippe<br \/>\n<\/span><span style=\"font-family: Arial,Helvetica,Geneva,Swiss,SunSans-Regular; font-size: medium;\">herausgegeben vom Langenschen Familienverband e.V. im Jahr 1939.<br \/>\n<\/span><\/p>\n","protected":false},"excerpt":{"rendered":"<p>Im Oberbergischen Kreis Nordrhein-Westfalens liegt die Gemeinde Marienberghausen und die kleine Ortschaft Gerhardsiefen. Dort lebte gegen Mitte des 17. Jahrhunderts (Drei\u00dfigj\u00e4hriger Krieg 1618 bis 1648) der Kirchmeister und Schultheiss Johannes Lang mit seiner Ehefrau Traut. Johannes Lang wird im Kirchbuch &hellip; <a href=\"https:\/\/www.langenscherfamilienverband.de\/\">Weiterlesen <span class=\"meta-nav\">&rarr;<\/span><\/a><\/p>\n","protected":false},"author":1,"featured_media":0,"parent":0,"menu_order":1,"comment_status":"closed","ping_status":"closed","template":"","meta":[],"_links":{"self":[{"href":"https:\/\/www.langenscherfamilienverband.de\/index.php?rest_route=\/wp\/v2\/pages\/2"}],"collection":[{"href":"https:\/\/www.langenscherfamilienverband.de\/index.php?rest_route=\/wp\/v2\/pages"}],"about":[{"href":"https:\/\/www.langenscherfamilienverband.de\/index.php?rest_route=\/wp\/v2\/types\/page"}],"author":[{"embeddable":true,"href":"https:\/\/www.langenscherfamilienverband.de\/index.php?rest_route=\/wp\/v2\/users\/1"}],"replies":[{"embeddable":true,"href":"https:\/\/www.langenscherfamilienverband.de\/index.php?rest_route=%2Fwp%2Fv2%2Fcomments&post=2"}],"version-history":[{"count":14,"href":"https:\/\/www.langenscherfamilienverband.de\/index.php?rest_route=\/wp\/v2\/pages\/2\/revisions"}],"predecessor-version":[{"id":2280,"href":"https:\/\/www.langenscherfamilienverband.de\/index.php?rest_route=\/wp\/v2\/pages\/2\/revisions\/2280"}],"wp:attachment":[{"href":"https:\/\/www.langenscherfamilienverband.de\/index.php?rest_route=%2Fwp%2Fv2%2Fmedia&parent=2"}],"curies":[{"name":"wp","href":"https:\/\/api.w.org\/{rel}","templated":true}]}}