{"id":34,"date":"2012-10-23T16:48:56","date_gmt":"2012-10-23T14:48:56","guid":{"rendered":"http:\/\/www2.langenscherfamilienverband.de\/?page_id=34"},"modified":"2019-04-04T09:10:51","modified_gmt":"2019-04-04T07:10:51","slug":"links","status":"publish","type":"page","link":"https:\/\/www.langenscherfamilienverband.de\/?page_id=34","title":{"rendered":"Links"},"content":{"rendered":"<table border=\"0\" cellspacing=\"2\" cellpadding=\"0\" align=\"left\">\n<tbody>\n<tr>\n<td height=\"30\"><\/td>\n<\/tr>\n<tr>\n<td width=\"26\"><\/td>\n<td valign=\"top\"><em><span style=\"font-family: Arial; font-size: medium;\">Nachfolgend sind Internet-Adressen mit Bezug zur Familie aufgef\u00fchrt. <\/span><span style=\"font-family: Arial,Helvetica,Geneva,Swiss,SunSans-Regular;\">Der Familienverband sucht st\u00e4ndig weitere interessante Internetseiten, die hier vorgestellt werden k\u00f6nnen, Kontakte \u00fcber <a href=\"mailto:Langenscherfamilienverband@web.de\">Langenscherfamilienverband@web.de<\/a><\/span>. <span style=\"font-family: Arial,Helvetica,Geneva,Swiss,SunSans-Regular; font-size: medium;\">An die gleiche Adresse bitte eine kurze Information, wenn ein Link nicht mehr aktiv ist.<\/span><\/em><\/p>\n<p>F\u00fcr den Inhalt der genannten Links ist der jeweilige Anbieter verantwortlich. Alle Rechte sind beim Anbieter.<\/td>\n<\/tr>\n<tr>\n<td width=\"26\" height=\"30\"><\/td>\n<td height=\"30\"><\/td>\n<\/tr>\n<tr>\n<td width=\"26\"><\/td>\n<td><span style=\"font-family: Arial;\">1845 gr\u00fcndete Johann Jakob Langen (d.J.) die Firma J.J. LANGEN &amp; S\u00f6hne. 1870 erfolgte die Gr\u00fcndung der Firma <\/span><a href=\"http:\/\/www.pfeifer-langen.de\/\" target=\"_blank\" rel=\"noopener noreferrer\"><span style=\"font-family: Arial;\">Pfeifer &amp; Langen &#8211; K\u00f6lner Zucker<\/span><\/a><span style=\"font-family: Arial;\"> durch die Herren Emil und Valentin Pfeifer und Eugen Langen.<br \/>\n<\/span><\/td>\n<\/tr>\n<tr>\n<td width=\"26\" height=\"20\"><\/td>\n<td height=\"20\"><\/td>\n<\/tr>\n<tr>\n<td width=\"26\"><\/td>\n<td><span style=\"font-family: Arial;\">Als \u00e4lteste Motorenfabrik der Welt wurde 1864 die N.A. Otto &amp; Cie durch Nicolaus August Otto und Eugen Langen gegr\u00fcndet, die Keimzelle der heutigen <\/span><a href=\"http:\/\/www.deutz.de\" target=\"_blank\" rel=\"noopener noreferrer\"><span style=\"font-family: Arial;\">Deutz AG<\/span><\/a><span style=\"font-family: Arial;\">. Das KHD-Motorenmuseum, K\u00f6ln kann zur Zeit nicht besichtigt werden.<\/span><\/td>\n<\/tr>\n<tr>\n<td width=\"26\" height=\"20\"><\/td>\n<td height=\"20\"><\/td>\n<\/tr>\n<tr>\n<td width=\"26\"><\/td>\n<td><span style=\"font-family: Arial;\">Ende 1894 erhielt Eugen Langen den Auftrag zum Bau der <a href=\"http:\/\/www.schwebebahn.de\/\" target=\"_blank\" rel=\"noopener noreferrer\">Wuppertaler Schwebebahn<\/a> nach dem &#8222;System Langen&#8220;<\/span><span style=\"font-family: Arial;\">.<br \/>\n<\/span><\/td>\n<\/tr>\n<tr>\n<td width=\"26\" height=\"10\"><\/td>\n<td height=\"10\"><\/td>\n<\/tr>\n<tr>\n<td width=\"26\"><\/td>\n<td><span style=\"font-family: Arial,Helvetica,Geneva,Swiss,SunSans-Regular;\">Der <a href=\"http:\/\/www.fvhs.de\" target=\"_blank\" rel=\"noopener noreferrer\">F\u00f6rderverein Historische Schwebebahn e.V.<\/a> hat den Zweck Interessierte \u00fcber die Wuppertaler Schwebebahn, ihre Geschichte, Gegenwart und Zukunft zu informieren. (Siehe auch unser Nachrichtenblatt vom <a href=\"http:\/\/www.langenscherfamilienverband.de\/Nachrichten_neu\/Nachrichten_Jun06.html\">Juni 2006<\/a>)<\/span><\/td>\n<\/tr>\n<tr>\n<td width=\"26\" height=\"10\"><\/td>\n<td height=\"10\"><\/td>\n<\/tr>\n<tr>\n<td width=\"26\"><\/td>\n<td align=\"left\" valign=\"top\"><\/td>\n<\/tr>\n<tr>\n<td width=\"26\" height=\"15\"><\/td>\n<td height=\"15\"><\/td>\n<\/tr>\n<tr>\n<td width=\"26\"><\/td>\n<td><span style=\"font-family: Arial,Helvetica,Geneva,Swiss,SunSans-Regular; font-size: medium;\">Auch in Dresden gibt es eine Schwebebahn nach dem System von Eugen Langen, unter <a href=\"https:\/\/www.dvb.de\/de-de\/entdecken\/bergbahnen\/\" target=\"_blank\" rel=\"noopener noreferrer\">Dresdner Bergbahnen<\/a> kann man sich \u00fcber sie informieren.<\/span><\/td>\n<\/tr>\n<tr>\n<td width=\"26\"><\/td>\n<td><\/td>\n<\/tr>\n<tr>\n<td width=\"26\"><\/td>\n<td><span style=\"font-family: Arial,Helvetica,Geneva,Swiss,SunSans-Regular;\"> Zahlreiche Videos zur Bergschwebebahn gibt es bei youtube. Auf eines sei hier besonders <a href=\"http:\/\/www.youtube.com\/watch?v=g1rtvSI8290\" target=\"_blank\" rel=\"noopener noreferrer\">verwiesen<\/a>.<\/span><\/td>\n<\/tr>\n<tr>\n<td width=\"26\" height=\"15\"><\/td>\n<td height=\"15\"><\/td>\n<\/tr>\n<tr>\n<td width=\"26\"><\/td>\n<td><span style=\"font-family: Arial,Helvetica,Geneva,Swiss,SunSans-Regular; font-size: medium;\">\u00dcber die <a href=\"http:\/\/www.schwebebahnmuseum.de\" target=\"_blank\" rel=\"noopener noreferrer\">Schwebebahnen<\/a> nach dem &#8222;System Langen&#8220; kann man sich auch hier informieren.<\/span><\/td>\n<\/tr>\n<tr>\n<td width=\"26\" height=\"20\"><\/td>\n<td height=\"20\"><\/td>\n<\/tr>\n<tr>\n<td width=\"26\"><\/td>\n<td><span style=\"font-family: Arial;\">Eugen Langen ist der Namenspatron der <\/span><a href=\"http:\/\/www.eugen-langen-realschule.de\" target=\"_blank\" rel=\"noopener noreferrer\"><span style=\"font-family: Arial;\">Eugen-Langen-Realschule<\/span><\/a><span style=\"font-family: Arial;\"> in Elsdorf. Seine &#8222;Lebens-Leits\u00e4tze&#8220; lauteten:<br \/>\nSchau Dich um und mach Dich n\u00fctzlich!<br \/>\nHandle aus pers\u00f6nlicher Einsicht, nur dann bist Du frei!<br \/>\nNimm Deine Weggef\u00e4hrten ernst!<br \/>\n<\/span><\/td>\n<\/tr>\n<tr>\n<td width=\"26\" height=\"20\"><\/td>\n<td height=\"20\"><\/td>\n<\/tr>\n<tr>\n<td width=\"26\"><\/td>\n<td><span style=\"font-family: Arial,Helvetica,Geneva,Swiss,SunSans-Regular; font-size: medium;\">In Wuppertal gibt es die <a href=\"http:\/\/www.eugen-langen-schule.de\" target=\"_blank\" rel=\"noopener noreferrer\">Eugen-Langen-Schule<\/a> (Schule f\u00fcr Lernbehinderte)\u00a0mit einer liebevoll gemachten Homepage die u.a. eine Pr\u00e4sentation zur Wuppertaler Schwebebahn enth\u00e4lt.<\/span><\/td>\n<\/tr>\n<tr>\n<td width=\"26\" height=\"20\"><\/td>\n<td height=\"20\"><\/td>\n<\/tr>\n<tr>\n<td width=\"26\"><\/td>\n<td><span style=\"font-family: Arial;\">Das <\/span><a href=\"http:\/\/www.bollheim.de\/\" target=\"_blank\" rel=\"noopener noreferrer\"><span style=\"font-family: Arial;\">Haus Bollheim<\/span><\/a><span style=\"font-family: Arial;\"> f\u00fchrt Hans v. Hangenow in biologisch-dynamischem Landbau.<\/span><\/td>\n<\/tr>\n<tr>\n<td width=\"26\" height=\"20\"><\/td>\n<td height=\"20\"><\/td>\n<\/tr>\n<tr>\n<td width=\"26\"><\/td>\n<td><span style=\"font-family: Arial;\">In En<\/span><span style=\"font-family: Arial; font-size: medium;\">kirch an de<\/span><span style=\"font-family: Arial;\">r Mosel betreiben Hubertus Langen und Hans-Theo Schenk das <a href=\"http:\/\/www.rueff-roechling.de\" target=\"_blank\" rel=\"noopener noreferrer\">Weingut Rueff-R\u00f6chling<\/a>.<\/span><\/td>\n<\/tr>\n<tr>\n<td width=\"26\" height=\"20\"><\/td>\n<td height=\"20\"><\/td>\n<\/tr>\n<tr>\n<td width=\"26\"><\/td>\n<td><span style=\"font-family: Arial,Helvetica,Geneva,Swiss,SunSans-Regular; font-size: medium;\">Der 1893 von Albert Langen gegr\u00fcndete Verlag, in dem auch die satirische Zeitschrift &#8222;Simplicissimus&#8220; erschien, geh\u00f6rt heute als Langen M\u00fcller Verlag zur <a href=\"http:\/\/www.herbig.net\" target=\"_blank\" rel=\"noopener noreferrer\">Verlagsgruppe Langen M\u00fcller Herbig<\/a>.<\/span><\/td>\n<\/tr>\n<tr>\n<td width=\"26\" height=\"20\"><\/td>\n<td height=\"20\"><\/td>\n<\/tr>\n<tr>\n<td width=\"26\"><\/td>\n<td><span style=\"font-family: Arial,Helvetica,Geneva,Swiss,SunSans-Regular; font-size: medium;\">Die Kunstsammlung von Viktor und Marianne Langen bildet den Grundstein der <a href=\"http:\/\/www.langenfoundation.de\" target=\"_blank\" rel=\"noopener noreferrer\">Langen Foundation<\/a>, die Sammlung umfa\u00dft heute etwa 500 Werke japanischer Kunst und ca. 300 Werke der Moderne.<\/span><\/td>\n<\/tr>\n<tr>\n<td width=\"26\" height=\"20\"><\/td>\n<td height=\"20\"><\/td>\n<\/tr>\n<tr>\n<td width=\"26\"><\/td>\n<td><\/td>\n<\/tr>\n<tr>\n<td width=\"26\" height=\"20\"><\/td>\n<td height=\"20\"><\/td>\n<\/tr>\n<tr>\n<td width=\"26\"><\/td>\n<td><\/td>\n<\/tr>\n<tr>\n<td width=\"26\" height=\"20\"><\/td>\n<td height=\"20\"><\/td>\n<\/tr>\n<tr>\n<td width=\"26\"><\/td>\n<td><\/td>\n<\/tr>\n<tr>\n<td width=\"26\" height=\"20\"><\/td>\n<td height=\"20\"><\/td>\n<\/tr>\n<tr>\n<td width=\"26\"><\/td>\n<td><\/td>\n<\/tr>\n<\/tbody>\n<\/table>\n","protected":false},"excerpt":{"rendered":"<p>Nachfolgend sind Internet-Adressen mit Bezug zur Familie aufgef\u00fchrt. Der Familienverband sucht st\u00e4ndig weitere interessante Internetseiten, die hier vorgestellt werden k\u00f6nnen, Kontakte \u00fcber Langenscherfamilienverband@web.de. An die gleiche Adresse bitte eine kurze Information, wenn ein Link nicht mehr aktiv ist. F\u00fcr den &hellip; <a href=\"https:\/\/www.langenscherfamilienverband.de\/?page_id=34\">Weiterlesen <span class=\"meta-nav\">&rarr;<\/span><\/a><\/p>\n","protected":false},"author":1,"featured_media":0,"parent":0,"menu_order":8,"comment_status":"closed","ping_status":"closed","template":"onecolumn-page.php","meta":[],"_links":{"self":[{"href":"https:\/\/www.langenscherfamilienverband.de\/index.php?rest_route=\/wp\/v2\/pages\/34"}],"collection":[{"href":"https:\/\/www.langenscherfamilienverband.de\/index.php?rest_route=\/wp\/v2\/pages"}],"about":[{"href":"https:\/\/www.langenscherfamilienverband.de\/index.php?rest_route=\/wp\/v2\/types\/page"}],"author":[{"embeddable":true,"href":"https:\/\/www.langenscherfamilienverband.de\/index.php?rest_route=\/wp\/v2\/users\/1"}],"replies":[{"embeddable":true,"href":"https:\/\/www.langenscherfamilienverband.de\/index.php?rest_route=%2Fwp%2Fv2%2Fcomments&post=34"}],"version-history":[{"count":12,"href":"https:\/\/www.langenscherfamilienverband.de\/index.php?rest_route=\/wp\/v2\/pages\/34\/revisions"}],"predecessor-version":[{"id":2593,"href":"https:\/\/www.langenscherfamilienverband.de\/index.php?rest_route=\/wp\/v2\/pages\/34\/revisions\/2593"}],"wp:attachment":[{"href":"https:\/\/www.langenscherfamilienverband.de\/index.php?rest_route=%2Fwp%2Fv2%2Fmedia&parent=34"}],"curies":[{"name":"wp","href":"https:\/\/api.w.org\/{rel}","templated":true}]}}