{"id":375,"date":"2013-05-22T17:11:11","date_gmt":"2013-05-22T15:11:11","guid":{"rendered":"http:\/\/www2.langenscherfamilienverband.de\/?page_id=375"},"modified":"2021-09-06T09:22:55","modified_gmt":"2021-09-06T07:22:55","slug":"familientage","status":"publish","type":"page","link":"https:\/\/www.langenscherfamilienverband.de\/?page_id=375","title":{"rendered":"Familientage"},"content":{"rendered":"<table border=\"0\" width=\"930\" cellspacing=\"2\" cellpadding=\"0\">\n<tbody>\n<tr>\n<td width=\"30\">\u00a0<\/td>\n<td colspan=\"3\"><span style=\"font-family: Arial,Helvetica,Geneva,Swiss,SunSans-Regular; font-size: x-large;\"><b>Familientage<\/b><\/span><\/td>\n<\/tr>\n<tr>\n<td width=\"30\" height=\"30\">\u00a0<\/td>\n<td width=\"50\" height=\"30\">\u00a0<\/td>\n<td height=\"30\">\u00a0<\/td>\n<td height=\"30\">\u00a0<\/td>\n<\/tr>\n<tr>\n<td width=\"30\">\u00a0<\/td>\n<td colspan=\"3\">\n<p><span style=\"font-family: Arial,Helvetica,Geneva,Swiss,SunSans-Regular; font-size: medium;\"><i>Seit 1978 finden alle 2 Jahre Familientage statt. Nachfolgend sind diese Familientage aufgef\u00fchrt. Soweit bislang verf\u00fcgbar, sind Links zu den entsprechenden Berichten eingerichtet<\/i><\/span><span style=\"font-family: Arial,Helvetica,Geneva,Swiss,SunSans-Regular; font-size: medium;\"><i>.<\/i><\/span><\/p>\n<p><a href=\"http:\/\/www.langenscherfamilienverband.de\/?page_id=1893(\u00f6ffnet in neuem Tab)\" target=\"_blank\" rel=\"noreferrer noopener\" aria-label=\"Gehaltene Vortr\u00e4ge und Predigten bei den Familientagen (\u00f6ffnet in neuem Tab)\">Gehaltene Vortr\u00e4ge und Predigten bei den Familientagen <\/a>sind ohne Passwort in \u201eLiteratur\u201c zu lesen.<\/p>\n<\/td>\n<\/tr>\n<tr>\n<td width=\"30\" height=\"30\">\u00a0<\/td>\n<td width=\"50\" height=\"30\">\u00a0<\/td>\n<td height=\"30\">\u00a0<\/td>\n<td height=\"30\">\u00a0<\/td>\n<\/tr>\n<tr>\n<td width=\"30\">\u00a0<\/td>\n<td align=\"center\" valign=\"top\" width=\"50\"><span style=\"font-family: Arial,Helvetica,Geneva,Swiss,SunSans-Regular; font-size: medium;\"><b>Jahr<\/b><\/span><\/td>\n<td align=\"center\" valign=\"top\"><span style=\"font-family: Arial,Helvetica,Geneva,Swiss,SunSans-Regular; font-size: medium;\"><b>Ort<\/b><\/span><\/td>\n<td align=\"center\" valign=\"top\"><span style=\"font-family: Arial,Helvetica,Geneva,Swiss,SunSans-Regular; font-size: medium;\"><b>Thema<\/b><\/span><\/td>\n<\/tr>\n<tr>\n<td width=\"30\" height=\"30\">\u00a0<\/td>\n<td width=\"50\" height=\"30\">\u00a0<\/td>\n<td height=\"30\">\u00a0<\/td>\n<td height=\"30\">\u00a0<\/td>\n<\/tr>\n<tr>\n<td width=\"30\" height=\"20\">\u00a0<\/td>\n<td align=\"center\" valign=\"top\" width=\"50\" height=\"20\"><span style=\"font-family: Arial,Helvetica,Geneva,Swiss,SunSans-Regular;\">2020<\/span><\/td>\n<td align=\"center\" valign=\"top\" height=\"20\">\n<p><span style=\"font-family: Arial,Helvetica,Geneva,Swiss,SunSans-Regular; font-size: medium;\"><a href=\"http:\/\/www.langenscherfamilienverband.de\/?page_id=2911(\u00f6ffnet in neuem Tab)\">Altenkirchen\/Westerwald<\/a> 18.-20.Sept. 2020 &#8211;<br \/><\/span><\/p>\n<p>ausgefallen wegen COVID-19 Pandemie<\/p>\n<\/td>\n<td align=\"center\" valign=\"top\" height=\"20\">\n<p><span style=\"font-family: Arial,Helvetica,Geneva,Swiss,SunSans-Regular; font-size: medium;\">Thema: \u00d6konomie und \u00d6kologie in der Familie<br \/><\/span><\/p>\n<p>Families for Future<\/p>\n<\/td>\n<\/tr>\n<tr>\n<td width=\"30\" height=\"30\">\u00a0<\/td>\n<td width=\"50\" height=\"30\">\u00a0<\/td>\n<td height=\"30\">\u00a0<\/td>\n<td height=\"30\">\u00a0<\/td>\n<\/tr>\n<tr>\n<td width=\"30\" height=\"20\">\u00a0<\/td>\n<td align=\"center\" valign=\"top\" width=\"50\" height=\"20\"><span style=\"font-family: Arial,Helvetica,Geneva,Swiss,SunSans-Regular;\">2018<\/span><\/td>\n<td align=\"center\" valign=\"top\" height=\"20\"><a title=\"2018 Wittenberg\" href=\"http:\/\/www.langenscherfamilienverband.de\/?page_id=1629\"><span style=\"font-family: Arial,Helvetica,Geneva,Swiss,SunSans-Regular;\">Wittenberg<\/span><\/a><\/td>\n<td align=\"center\" valign=\"top\" height=\"20\"><span style=\"font-family: Arial,Helvetica,Geneva,Swiss,SunSans-Regular; font-size: medium;\">zu Luthers Zeiten<\/span><\/td>\n<\/tr>\n<tr>\n<td width=\"30\" height=\"30\">\u00a0<\/td>\n<td width=\"50\" height=\"30\">\u00a0<\/td>\n<td height=\"30\">\u00a0<\/td>\n<td height=\"30\">\u00a0<\/td>\n<\/tr>\n<tr>\n<td width=\"30\" height=\"30\">\u00a0<\/td>\n<td width=\"50\" height=\"30\"><span style=\"font-family: Arial,Helvetica,Geneva,Swiss,SunSans-Regular;\">2016<\/span><\/td>\n<td style=\"text-align: center;\" height=\"30\"><a href=\"http:\/\/www.langenscherfamilienverband.de\/?page_id=2145\">Villigst<\/a> <span style=\"font-family: Arial,Helvetica,Geneva,Swiss,SunSans-Regular;\">bei Schwerte\/Ruhr<\/span><\/td>\n<td style=\"text-align: center;\" height=\"30\"><span style=\"font-family: Arial,Helvetica,Geneva,Swiss,SunSans-Regular; font-size: medium;\">Industriepioniere der Familie Langen im 19. und 20. Jahrhundert<\/span><\/td>\n<\/tr>\n<tr>\n<td width=\"30\" height=\"30\">\u00a0<\/td>\n<td width=\"50\" height=\"30\">\u00a0<\/td>\n<td height=\"30\">\u00a0<\/td>\n<td height=\"30\">\u00a0<\/td>\n<\/tr>\n<tr>\n<td width=\"30\" height=\"20\">\u00a0<\/td>\n<td align=\"center\" valign=\"top\" width=\"50\" height=\"20\"><span style=\"font-family: Arial,Helvetica,Geneva,Swiss,SunSans-Regular; font-size: medium;\">2014<\/span><\/td>\n<td align=\"center\" valign=\"top\" height=\"20\"><a title=\"2014 Loccum\" href=\"http:\/\/www.langenscherfamilienverband.de\/?page_id=1117\"><span style=\"font-family: Arial,Helvetica,Geneva,Swiss,SunSans-Regular;\">Loccum <\/span><\/a><\/td>\n<td align=\"center\" valign=\"top\" height=\"20\"><span style=\"font-family: Arial,Helvetica,Geneva,Swiss,SunSans-Regular;\">Geschichte verstehen, Gegenwart verantworten, Zukunft gestalten<\/span><\/td>\n<\/tr>\n<tr>\n<td width=\"30\" height=\"30\">\u00a0<\/td>\n<td width=\"50\" height=\"30\">\u00a0<\/td>\n<td height=\"30\">\u00a0<\/td>\n<td height=\"30\">\u00a0<\/td>\n<\/tr>\n<tr>\n<td width=\"30\" height=\"20\">\u00a0<\/td>\n<td align=\"center\" valign=\"top\" width=\"50\" height=\"20\"><span style=\"font-family: Arial,Helvetica,Geneva,Swiss,SunSans-Regular;\">2012<\/span><\/td>\n<td align=\"center\" valign=\"top\" height=\"20\"><a title=\"2012 L\u00f6wenstein-Reisach\" href=\"http:\/\/www2.langenscherfamilienverband.de\/?page_id=381\"><span style=\"font-family: Arial,Helvetica,Geneva,Swiss,SunSans-Regular;\">L\u00f6wenstein-Reisach <\/span><\/a>bei <span style=\"font-family: Arial,Helvetica,Geneva,Swiss,SunSans-Regular; font-size: medium;\">Heilbronn<\/span><\/td>\n<td align=\"center\" valign=\"top\" height=\"20\"><span style=\"font-family: Arial,Helvetica,Geneva,Swiss,SunSans-Regular;\"><br \/>Zeit zum Gespr\u00e4ch &#8211; hin zum Dialog<\/span><\/td>\n<\/tr>\n<tr>\n<td width=\"30\" height=\"20\">\u00a0<\/td>\n<td align=\"center\" valign=\"top\" width=\"50\" height=\"20\">\u00a0<\/td>\n<td align=\"center\" valign=\"top\" height=\"20\">\u00a0<\/td>\n<td align=\"center\" valign=\"top\" height=\"20\">\u00a0<\/td>\n<\/tr>\n<tr>\n<td width=\"30\" height=\"20\">\u00a0<\/td>\n<td align=\"center\" valign=\"top\" width=\"50\" height=\"20\"><span style=\"font-family: Arial,Helvetica,Geneva,Swiss,SunSans-Regular; font-size: medium;\">2010<\/span><\/td>\n<td align=\"center\" valign=\"top\" height=\"20\"><span style=\"font-family: Arial,Helvetica,Geneva,Swiss,SunSans-Regular; font-size: medium;\"><a title=\"2010 Neudietendorf\" href=\"http:\/\/www.langenscherfamilienverband.de\/?page_id=524\">Neudietendorf<\/a><\/span><\/td>\n<td align=\"center\" valign=\"top\" height=\"20\"><span style=\"font-family: Arial,Helvetica,Geneva,Swiss,SunSans-Regular;\"><br \/>Der Weg in die Freiheit? &#8211; 20 Jahre danach<\/span><\/td>\n<\/tr>\n<tr>\n<td width=\"30\" height=\"20\">\u00a0<\/td>\n<td align=\"center\" valign=\"top\" width=\"50\" height=\"20\">\u00a0<\/td>\n<td align=\"center\" valign=\"top\" height=\"20\">\u00a0<\/td>\n<td align=\"center\" valign=\"top\" height=\"20\">\u00a0<\/td>\n<\/tr>\n<tr>\n<td width=\"30\" height=\"20\">\u00a0<\/td>\n<td align=\"center\" valign=\"top\" width=\"50\" height=\"20\"><span style=\"font-family: Arial,Helvetica,Geneva,Swiss,SunSans-Regular; font-size: medium;\">2008\u00a0<\/span><\/td>\n<td align=\"center\" valign=\"top\" height=\"20\"><a title=\"2008 Kleve\" href=\"http:\/\/www.langenscherfamilienverband.de\/?page_id=516\"><span style=\"font-family: Arial,Helvetica,Geneva,Swiss,SunSans-Regular; font-size: medium;\">Kleve<\/span><\/a><\/td>\n<td align=\"center\" valign=\"top\" height=\"20\"><span style=\"font-family: Arial,Helvetica,Geneva,Swiss,SunSans-Regular; font-size: medium;\">Familienzusammenhalt in Zeiten der Globalisierung<\/span><\/td>\n<\/tr>\n<tr>\n<td width=\"30\" height=\"20\">\u00a0<\/td>\n<td align=\"center\" valign=\"top\" width=\"50\" height=\"20\">\u00a0<\/td>\n<td align=\"center\" valign=\"top\" height=\"20\">\u00a0<\/td>\n<td align=\"center\" valign=\"top\" height=\"20\">\u00a0<\/td>\n<\/tr>\n<tr>\n<td width=\"30\" height=\"20\">\u00a0<\/td>\n<td align=\"center\" valign=\"top\" width=\"50\" height=\"20\"><span style=\"font-family: Arial,Helvetica,Geneva,Swiss,SunSans-Regular; font-size: medium;\">2006<\/span><\/td>\n<td align=\"center\" valign=\"top\" height=\"20\"><span style=\"font-family: Arial,Helvetica,Geneva,Swiss,SunSans-Regular; font-size: medium;\"><a title=\"2006 Mei\u00dfen\" href=\"http:\/\/www.langenscherfamilienverband.de\/?page_id=528\">Mei\u00dfen<\/a><\/span><\/td>\n<td align=\"center\" valign=\"top\" height=\"20\"><span style=\"font-family: Arial,Helvetica,Geneva,Swiss,SunSans-Regular; font-size: medium;\">Mei\u00dfen und Dresden &#8211; Kultur und Technik<\/span><\/td>\n<\/tr>\n<tr>\n<td width=\"30\" height=\"20\">\u00a0<\/td>\n<td align=\"center\" valign=\"top\" width=\"50\" height=\"20\">\u00a0<\/td>\n<td align=\"center\" valign=\"top\" height=\"20\">\u00a0<\/td>\n<td align=\"center\" valign=\"top\" height=\"20\">\u00a0<\/td>\n<\/tr>\n<tr>\n<td width=\"30\">\u00a0<\/td>\n<td align=\"center\" valign=\"top\" width=\"50\"><span style=\"font-family: Arial,Helvetica,Geneva,Swiss,SunSans-Regular; font-size: medium;\">2004<\/span><\/td>\n<td align=\"center\" valign=\"top\"><span style=\"color: #b22222; font-family: Arial,Helvetica,Geneva,Swiss,SunSans-Regular; font-size: medium;\"><a title=\"2004 Bonn\" href=\"http:\/\/www.langenscherfamilienverband.de\/?page_id=532\">Bonn<\/a><\/span><\/td>\n<td align=\"center\" valign=\"top\"><span style=\"color: #110000; font-family: Arial,Helvetica,Geneva,Swiss,SunSans-Regular; font-size: medium;\">Neue Verantwortung in der Arbeitswelt?<\/span><\/td>\n<\/tr>\n<tr>\n<td width=\"30\" height=\"20\">\u00a0<\/td>\n<td align=\"center\" valign=\"top\" width=\"50\" height=\"20\">\u00a0<\/td>\n<td align=\"center\" valign=\"top\" height=\"20\">\u00a0<\/td>\n<td align=\"center\" valign=\"top\" height=\"20\">\u00a0<\/td>\n<\/tr>\n<tr>\n<td width=\"30\">\u00a0<\/td>\n<td align=\"center\" valign=\"top\" width=\"50\"><span style=\"font-family: Arial,Helvetica,Geneva,Swiss,SunSans-Regular; font-size: medium;\">2002<\/span><\/td>\n<td align=\"center\" valign=\"top\"><span style=\"font-family: Arial,Helvetica,Geneva,Swiss,SunSans-Regular; font-size: medium;\"><a title=\"2002 Hermannsburg\" href=\"http:\/\/www.langenscherfamilienverband.de\/?page_id=537\">Hermannsburg<\/a><\/span><\/td>\n<td align=\"center\" valign=\"top\"><span style=\"font-family: Arial,Helvetica,Geneva,Swiss,SunSans-Regular; font-size: medium;\">Familie und Beruf &#8211; zwischen zwei St\u00fchlen?<\/span><\/td>\n<\/tr>\n<tr>\n<td width=\"30\" height=\"20\">\u00a0<\/td>\n<td align=\"center\" valign=\"top\" width=\"50\" height=\"20\">\u00a0<\/td>\n<td align=\"center\" valign=\"top\" height=\"20\">\u00a0<\/td>\n<td align=\"center\" valign=\"top\" height=\"20\">\u00a0<\/td>\n<\/tr>\n<tr>\n<td width=\"30\">\u00a0<\/td>\n<td align=\"center\" valign=\"top\" width=\"50\"><span style=\"font-family: Arial,Helvetica,Geneva,Swiss,SunSans-Regular; font-size: medium;\">2000<\/span><\/td>\n<td align=\"center\" valign=\"top\"><a title=\"2000 Trier\" href=\"http:\/\/www2.langenscherfamilienverband.de\/?page_id=541\"><span style=\"font-family: Arial,Helvetica,Geneva,Swiss,SunSans-Regular; font-size: medium;\">Trier<\/span><\/a><\/td>\n<td align=\"center\" valign=\"top\"><span style=\"font-family: Arial,Helvetica,Geneva,Swiss,SunSans-Regular; font-size: medium;\">Europa und wir<\/span><\/td>\n<\/tr>\n<tr>\n<td width=\"30\" height=\"20\">\u00a0<\/td>\n<td align=\"center\" valign=\"top\" width=\"50\" height=\"20\">\u00a0<\/td>\n<td align=\"center\" valign=\"top\" height=\"20\">\u00a0<\/td>\n<td align=\"center\" valign=\"top\" height=\"20\">\u00a0<\/td>\n<\/tr>\n<tr>\n<td width=\"30\">\u00a0<\/td>\n<td align=\"center\" valign=\"top\" width=\"50\"><span style=\"font-family: Arial,Helvetica,Geneva,Swiss,SunSans-Regular; font-size: medium;\">1998<\/span><\/td>\n<td align=\"center\" valign=\"top\"><span style=\"font-family: Arial,Helvetica,Geneva,Swiss,SunSans-Regular; font-size: medium;\">Kleinmachnow (Berlin)<\/span><\/td>\n<td align=\"center\" valign=\"top\"><span style=\"font-family: Arial,Helvetica,Geneva,Swiss,SunSans-Regular; font-size: medium;\">Familie &#8211; Tradition &#8211; Zukunft?<\/span><\/td>\n<\/tr>\n<tr>\n<td width=\"30\" height=\"20\">\u00a0<\/td>\n<td align=\"center\" valign=\"top\" width=\"50\" height=\"20\">\u00a0<\/td>\n<td align=\"center\" valign=\"top\" height=\"20\">\u00a0<\/td>\n<td align=\"center\" valign=\"top\" height=\"20\">\u00a0<\/td>\n<\/tr>\n<tr>\n<td width=\"30\">\u00a0<\/td>\n<td align=\"center\" valign=\"top\" width=\"50\"><span style=\"font-family: Arial,Helvetica,Geneva,Swiss,SunSans-Regular; font-size: medium;\">1996<\/span><\/td>\n<td align=\"center\" valign=\"top\"><span style=\"font-family: Arial,Helvetica,Geneva,Swiss,SunSans-Regular; font-size: medium;\">Wuppertal<\/span><\/td>\n<td align=\"center\" valign=\"top\"><span style=\"font-family: Arial,Helvetica,Geneva,Swiss,SunSans-Regular; font-size: medium;\">Macht euch die Erde untertan &#8211; die gemeinsame Zukunft<\/span><\/td>\n<\/tr>\n<tr>\n<td width=\"30\" height=\"20\">\u00a0<\/td>\n<td align=\"center\" valign=\"top\" width=\"50\" height=\"20\">\u00a0<\/td>\n<td align=\"center\" valign=\"top\" height=\"20\">\u00a0<\/td>\n<td align=\"center\" valign=\"top\" height=\"20\">\u00a0<\/td>\n<\/tr>\n<tr>\n<td width=\"30\">\u00a0<\/td>\n<td align=\"center\" valign=\"top\" width=\"50\"><span style=\"font-family: Arial,Helvetica,Geneva,Swiss,SunSans-Regular; font-size: medium;\">1994<\/span><\/td>\n<td align=\"center\" valign=\"top\"><span style=\"font-family: Arial,Helvetica,Geneva,Swiss,SunSans-Regular; font-size: medium;\">Sch\u00f6nburg (Saale)<\/span><\/td>\n<td align=\"center\" valign=\"top\"><span style=\"font-family: Arial,Helvetica,Geneva,Swiss,SunSans-Regular; font-size: medium;\">Verst\u00e4ndnis durch Begegnung<\/span><\/td>\n<\/tr>\n<tr>\n<td width=\"30\" height=\"20\">\u00a0<\/td>\n<td align=\"center\" valign=\"top\" width=\"50\" height=\"20\">\u00a0<\/td>\n<td align=\"center\" valign=\"top\" height=\"20\">\u00a0<\/td>\n<td align=\"center\" valign=\"top\" height=\"20\">\u00a0<\/td>\n<\/tr>\n<tr>\n<td width=\"30\">\u00a0<\/td>\n<td align=\"center\" valign=\"top\" width=\"50\"><span style=\"font-family: Arial,Helvetica,Geneva,Swiss,SunSans-Regular; font-size: medium;\">1992<\/span><\/td>\n<td align=\"center\" valign=\"top\"><span style=\"font-family: Arial,Helvetica,Geneva,Swiss,SunSans-Regular; font-size: medium;\">Marienberghausen<\/span><\/td>\n<td align=\"center\" valign=\"top\"><span style=\"font-family: Arial,Helvetica,Geneva,Swiss,SunSans-Regular; font-size: medium;\">Gedanken aus der\u00a0Wendezeit &#8222;Die schwarzen und wei\u00dfen Schafe&#8220;<\/span><\/td>\n<\/tr>\n<tr>\n<td width=\"30\" height=\"20\">\u00a0<\/td>\n<td align=\"center\" valign=\"top\" width=\"50\" height=\"20\">\u00a0<\/td>\n<td align=\"center\" valign=\"top\" height=\"20\">\u00a0<\/td>\n<td align=\"center\" valign=\"top\" height=\"20\">\u00a0<\/td>\n<\/tr>\n<tr>\n<td width=\"30\">\u00a0<\/td>\n<td align=\"center\" valign=\"top\" width=\"50\"><span style=\"font-family: Arial,Helvetica,Geneva,Swiss,SunSans-Regular; font-size: medium;\">1991<\/span><\/td>\n<td align=\"center\" valign=\"top\"><span style=\"font-family: Arial,Helvetica,Geneva,Swiss,SunSans-Regular; font-size: medium;\">Dresden<\/span><\/td>\n<td align=\"center\" valign=\"top\"><span style=\"font-family: Arial,Helvetica,Geneva,Swiss,SunSans-Regular;\"><span style=\"font-size: medium;\">Wie wurde das Familienerbe durch 40 Jahre Sozialismus durchgetragen?<\/span><\/span><\/td>\n<\/tr>\n<tr>\n<td width=\"30\" height=\"20\">\u00a0<\/td>\n<td align=\"center\" valign=\"top\" width=\"50\" height=\"20\">\u00a0<\/td>\n<td align=\"center\" valign=\"top\" height=\"20\">\u00a0<\/td>\n<td align=\"center\" valign=\"top\" height=\"20\">\u00a0<\/td>\n<\/tr>\n<tr>\n<td width=\"30\">\u00a0<\/td>\n<td align=\"center\" valign=\"top\" width=\"50\"><span style=\"font-family: Arial,Helvetica,Geneva,Swiss,SunSans-Regular; font-size: medium;\">1990<\/span><\/td>\n<td align=\"center\" valign=\"top\"><span style=\"font-family: Arial,Helvetica,Geneva,Swiss,SunSans-Regular; font-size: medium;\">\u00a0Z\u00fclpich -Oberelvenich<br \/><\/span>(Haus Bollheim)<\/td>\n<td align=\"center\" valign=\"top\"><span style=\"font-family: Arial,Helvetica,Geneva,Swiss,SunSans-Regular; font-size: medium;\">Landwirtschaft in der Familie Langen<\/span><\/td>\n<\/tr>\n<tr>\n<td width=\"30\" height=\"20\">\u00a0<\/td>\n<td align=\"center\" valign=\"top\" width=\"50\" height=\"20\">\u00a0<\/td>\n<td align=\"center\" valign=\"top\" height=\"20\">\u00a0<\/td>\n<td align=\"center\" valign=\"top\" height=\"20\">\u00a0<\/td>\n<\/tr>\n<tr>\n<td width=\"30\">\u00a0<\/td>\n<td align=\"center\" valign=\"top\" width=\"50\"><span style=\"font-family: Arial,Helvetica,Geneva,Swiss,SunSans-Regular; font-size: medium;\">1988<\/span><\/td>\n<td align=\"center\" valign=\"top\"><span style=\"font-family: Arial,Helvetica,Geneva,Swiss,SunSans-Regular; font-size: medium;\">Marienberghausen<\/span><\/td>\n<td align=\"center\" valign=\"top\"><span style=\"font-family: Arial,Helvetica,Geneva,Swiss,SunSans-Regular; font-size: medium;\">Gerhardsiefen der Ursprungsort der Familie<\/span><\/td>\n<\/tr>\n<tr>\n<td width=\"30\" height=\"20\">\u00a0<\/td>\n<td align=\"center\" valign=\"top\" width=\"50\" height=\"20\">\u00a0<\/td>\n<td align=\"center\" valign=\"top\" height=\"20\">\u00a0<\/td>\n<td align=\"center\" valign=\"top\" height=\"20\">\u00a0<\/td>\n<\/tr>\n<tr>\n<td width=\"30\">\u00a0<\/td>\n<td align=\"center\" valign=\"top\" width=\"50\"><span style=\"font-family: Arial,Helvetica,Geneva,Swiss,SunSans-Regular; font-size: medium;\">1988<\/span><\/td>\n<td align=\"center\" valign=\"top\"><span style=\"font-family: Arial,Helvetica,Geneva,Swiss,SunSans-Regular; font-size: medium;\">Ost-Berlin<\/span><\/td>\n<td align=\"center\" valign=\"top\"><span style=\"font-family: Arial,Helvetica,Geneva,Swiss,SunSans-Regular;\"><span style=\"font-size: medium;\">Treffen mit Familienmitgliedern in der DDR<\/span><\/span><\/td>\n<\/tr>\n<tr>\n<td width=\"30\" height=\"20\">\u00a0<\/td>\n<td align=\"center\" valign=\"top\" width=\"50\" height=\"20\">\u00a0<\/td>\n<td align=\"center\" valign=\"top\" height=\"20\">\u00a0<\/td>\n<td align=\"center\" valign=\"top\" height=\"20\">\u00a0<\/td>\n<\/tr>\n<tr>\n<td width=\"30\">\u00a0<\/td>\n<td align=\"center\" valign=\"top\" width=\"50\"><span style=\"font-family: Arial,Helvetica,Geneva,Swiss,SunSans-Regular; font-size: medium;\">1986<\/span><\/td>\n<td align=\"center\" valign=\"top\"><span style=\"font-family: Arial,Helvetica,Geneva,Swiss,SunSans-Regular; font-size: medium;\">Solingen<\/span><\/td>\n<td align=\"center\" valign=\"top\"><span style=\"font-family: Arial,Helvetica,Geneva,Swiss,SunSans-Regular; font-size: medium;\">Die Klingenstadt Solingen<\/span><\/td>\n<\/tr>\n<tr>\n<td width=\"30\" height=\"20\">\u00a0<\/td>\n<td align=\"center\" valign=\"top\" width=\"50\" height=\"20\">\u00a0<\/td>\n<td align=\"center\" valign=\"top\" height=\"20\">\u00a0<\/td>\n<td align=\"center\" valign=\"top\" height=\"20\">\u00a0<\/td>\n<\/tr>\n<tr>\n<td width=\"30\">\u00a0<\/td>\n<td align=\"center\" valign=\"top\" width=\"50\"><span style=\"font-family: Arial,Helvetica,Geneva,Swiss,SunSans-Regular; font-size: medium;\">1984<\/span><\/td>\n<td align=\"center\" valign=\"top\"><span style=\"font-family: Arial,Helvetica,Geneva,Swiss,SunSans-Regular; font-size: medium;\">K\u00f6ln<\/span><\/td>\n<td align=\"center\" valign=\"top\"><span style=\"font-family: Arial,Helvetica,Geneva,Swiss,SunSans-Regular; font-size: medium;\">KHD-Museum &#8211; Die Anf\u00e4nge des Unternehmertums im Rheinland<\/span><\/td>\n<\/tr>\n<tr>\n<td width=\"30\" height=\"20\">\u00a0<\/td>\n<td align=\"center\" valign=\"top\" width=\"50\" height=\"20\">\u00a0<\/td>\n<td align=\"center\" valign=\"top\" height=\"20\">\u00a0<\/td>\n<td align=\"center\" valign=\"top\" height=\"20\">\u00a0<\/td>\n<\/tr>\n<tr>\n<td width=\"30\">\u00a0<\/td>\n<td align=\"center\" valign=\"top\" width=\"50\"><span style=\"font-family: Arial,Helvetica,Geneva,Swiss,SunSans-Regular; font-size: medium;\">1982<\/span><\/td>\n<td align=\"center\" valign=\"top\"><span style=\"font-family: Arial,Helvetica,Geneva,Swiss,SunSans-Regular; font-size: medium;\">M\u00f6nchengladbach<\/span><\/td>\n<td align=\"center\" valign=\"top\"><span style=\"font-family: Arial,Helvetica,Geneva,Swiss,SunSans-Regular; font-size: medium;\">Verschiedene Spinnereien unserer Vorfahren im Raum M\u00f6nchengladbach<\/span><\/td>\n<\/tr>\n<tr>\n<td width=\"30\" height=\"20\">\u00a0<\/td>\n<td align=\"center\" valign=\"top\" width=\"50\" height=\"20\">\u00a0<\/td>\n<td align=\"center\" valign=\"top\" height=\"20\">\u00a0<\/td>\n<td align=\"center\" valign=\"top\" height=\"20\">\u00a0<\/td>\n<\/tr>\n<tr>\n<td width=\"30\">\u00a0<\/td>\n<td align=\"center\" valign=\"top\" width=\"50\"><span style=\"font-family: Arial,Helvetica,Geneva,Swiss,SunSans-Regular; font-size: medium;\">1980<\/span><\/td>\n<td align=\"center\" valign=\"top\"><span style=\"font-family: Arial,Helvetica,Geneva,Swiss,SunSans-Regular; font-size: medium;\">Wuppertal<\/span><\/td>\n<td align=\"center\" valign=\"top\"><span style=\"font-family: Arial,Helvetica,Geneva,Swiss,SunSans-Regular; font-size: medium;\">Die Schwebebahn -Der Kaiserwagen<br \/><\/span>Was verstehen wir unter Familientradition?<\/td>\n<\/tr>\n<tr>\n<td width=\"30\" height=\"20\">\u00a0<\/td>\n<td align=\"center\" valign=\"top\" width=\"50\" height=\"20\">\u00a0<\/td>\n<td align=\"center\" valign=\"top\" height=\"20\">\u00a0<\/td>\n<td align=\"center\" valign=\"top\" height=\"20\">\u00a0<\/td>\n<\/tr>\n<tr>\n<td width=\"30\">\u00a0<\/td>\n<td align=\"center\" valign=\"top\" width=\"50\"><span style=\"font-family: Arial,Helvetica,Geneva,Swiss,SunSans-Regular; font-size: medium;\">1978<\/span><\/td>\n<td align=\"center\" valign=\"top\"><span style=\"font-family: Arial,Helvetica,Geneva,Swiss,SunSans-Regular; font-size: medium;\">Etzweiler<\/span><\/td>\n<td align=\"center\" valign=\"top\"><span style=\"font-family: Arial,Helvetica,Geneva,Swiss,SunSans-Regular; font-size: medium;\">Die Zuckerindustrie &#8211; Besichtigung der Zuckerfabrik Ameln von Pfeifer &amp; Langen<\/span><\/td>\n<\/tr>\n<\/tbody>\n<\/table>\n<p>\u00a0<\/p>\n\n\n<p><\/p>\n","protected":false},"excerpt":{"rendered":"<p>\u00a0 Familientage \u00a0 \u00a0 \u00a0 \u00a0 \u00a0 Seit 1978 finden alle 2 Jahre Familientage statt. Nachfolgend sind diese Familientage aufgef\u00fchrt. Soweit bislang verf\u00fcgbar, sind Links zu den entsprechenden Berichten eingerichtet. Gehaltene Vortr\u00e4ge und Predigten bei den Familientagen sind ohne Passwort &hellip; <a href=\"https:\/\/www.langenscherfamilienverband.de\/?page_id=375\">Weiterlesen <span class=\"meta-nav\">&rarr;<\/span><\/a><\/p>\n","protected":false},"author":1,"featured_media":0,"parent":0,"menu_order":0,"comment_status":"closed","ping_status":"closed","template":"onecolumn-page.php","meta":[],"_links":{"self":[{"href":"https:\/\/www.langenscherfamilienverband.de\/index.php?rest_route=\/wp\/v2\/pages\/375"}],"collection":[{"href":"https:\/\/www.langenscherfamilienverband.de\/index.php?rest_route=\/wp\/v2\/pages"}],"about":[{"href":"https:\/\/www.langenscherfamilienverband.de\/index.php?rest_route=\/wp\/v2\/types\/page"}],"author":[{"embeddable":true,"href":"https:\/\/www.langenscherfamilienverband.de\/index.php?rest_route=\/wp\/v2\/users\/1"}],"replies":[{"embeddable":true,"href":"https:\/\/www.langenscherfamilienverband.de\/index.php?rest_route=%2Fwp%2Fv2%2Fcomments&post=375"}],"version-history":[{"count":52,"href":"https:\/\/www.langenscherfamilienverband.de\/index.php?rest_route=\/wp\/v2\/pages\/375\/revisions"}],"predecessor-version":[{"id":2914,"href":"https:\/\/www.langenscherfamilienverband.de\/index.php?rest_route=\/wp\/v2\/pages\/375\/revisions\/2914"}],"wp:attachment":[{"href":"https:\/\/www.langenscherfamilienverband.de\/index.php?rest_route=%2Fwp%2Fv2%2Fmedia&parent=375"}],"curies":[{"name":"wp","href":"https:\/\/api.w.org\/{rel}","templated":true}]}}