{"id":381,"date":"2013-05-22T17:16:07","date_gmt":"2013-05-22T15:16:07","guid":{"rendered":"http:\/\/www2.langenscherfamilienverband.de\/?page_id=381"},"modified":"2019-04-11T09:58:43","modified_gmt":"2019-04-11T07:58:43","slug":"2012-lowenstein-reisach","status":"publish","type":"page","link":"https:\/\/www.langenscherfamilienverband.de\/?page_id=381","title":{"rendered":"2012 L\u00f6wenstein-Reisach"},"content":{"rendered":"<h2>2012 in L\u00f6wenstein-Reisach<\/h2>\n<p>Der Familientag 2012 fand in der Ev. Tagungsst\u00e4tte in L\u00f6wenstein-Reisach bei Heilbronn statt.<\/p>\n<p>Information \u00fcber den Familientag siehe auf der Seite Familienverband unter Nachrichtenbl\u00e4tter und unter Literatur \u2013 Gehaltene Vortr\u00e4ge und Predigten bei den Familientagen.<\/p>\n<p>Die Predigt von Pfarrer Wolfgang Armbr\u00fcster: <a href=\"http:\/\/www.langenscherfamilienverband.de\/wp-content\/uploads\/2019\/03\/Nachrichtenblatt-Dezember-2012-Predigt-1.pdf\">\u201cGalater Kap. 5, Vers 25; Kap. 6, Verse 1-2 und 10\u2033<\/a><\/p>\n<p>Der Vortrag von Christian von Saint Paul: <a href=\"http:\/\/www.langenscherfamilienverband.de\/wp-content\/uploads\/2019\/03\/Vortrag-Nachrichtenblatt-Juni-2013.pdf\">\u201eZeit zum Gespr\u00e4ch \u2013 hin zum Dialog\u201c<\/a><\/p>\n<p>Die Fotos k\u00f6nnen in der Galerie angesehen werden.<\/p>\n<p><a href=\"http:\/\/www.langenscherfamilienverband.de\/wp-content\/uploads\/2013\/05\/Gruppenbild-Familientag-2012-98.jpg\"><img decoding=\"async\" loading=\"lazy\" src=\"http:\/\/www2.langenscherfamilienverband.de\/wp-content\/uploads\/2013\/05\/Gruppenbild-Familientag-2012-98.jpg\" alt=\"Gruppenbild-Familientag-2012 -98\" width=\"900\" height=\"408\" \/><\/a><\/p>\n","protected":false},"excerpt":{"rendered":"<p>2012 in L\u00f6wenstein-Reisach Der Familientag 2012 fand in der Ev. Tagungsst\u00e4tte in L\u00f6wenstein-Reisach bei Heilbronn statt. Information \u00fcber den Familientag siehe auf der Seite Familienverband unter Nachrichtenbl\u00e4tter und unter Literatur \u2013 Gehaltene Vortr\u00e4ge und Predigten bei den Familientagen. Die Predigt &hellip; <a href=\"https:\/\/www.langenscherfamilienverband.de\/?page_id=381\">Weiterlesen <span class=\"meta-nav\">&rarr;<\/span><\/a><\/p>\n","protected":false},"author":1,"featured_media":0,"parent":375,"menu_order":0,"comment_status":"closed","ping_status":"closed","template":"onecolumn-page.php","meta":[],"_links":{"self":[{"href":"https:\/\/www.langenscherfamilienverband.de\/index.php?rest_route=\/wp\/v2\/pages\/381"}],"collection":[{"href":"https:\/\/www.langenscherfamilienverband.de\/index.php?rest_route=\/wp\/v2\/pages"}],"about":[{"href":"https:\/\/www.langenscherfamilienverband.de\/index.php?rest_route=\/wp\/v2\/types\/page"}],"author":[{"embeddable":true,"href":"https:\/\/www.langenscherfamilienverband.de\/index.php?rest_route=\/wp\/v2\/users\/1"}],"replies":[{"embeddable":true,"href":"https:\/\/www.langenscherfamilienverband.de\/index.php?rest_route=%2Fwp%2Fv2%2Fcomments&post=381"}],"version-history":[{"count":30,"href":"https:\/\/www.langenscherfamilienverband.de\/index.php?rest_route=\/wp\/v2\/pages\/381\/revisions"}],"predecessor-version":[{"id":2610,"href":"https:\/\/www.langenscherfamilienverband.de\/index.php?rest_route=\/wp\/v2\/pages\/381\/revisions\/2610"}],"up":[{"embeddable":true,"href":"https:\/\/www.langenscherfamilienverband.de\/index.php?rest_route=\/wp\/v2\/pages\/375"}],"wp:attachment":[{"href":"https:\/\/www.langenscherfamilienverband.de\/index.php?rest_route=%2Fwp%2Fv2%2Fmedia&parent=381"}],"curies":[{"name":"wp","href":"https:\/\/api.w.org\/{rel}","templated":true}]}}