{"id":532,"date":"2013-07-30T17:27:31","date_gmt":"2013-07-30T15:27:31","guid":{"rendered":"http:\/\/www2.langenscherfamilienverband.de\/?page_id=532"},"modified":"2019-04-11T09:59:29","modified_gmt":"2019-04-11T07:59:29","slug":"2004-bonn","status":"publish","type":"page","link":"https:\/\/www.langenscherfamilienverband.de\/?page_id=532","title":{"rendered":"2004 Bonn"},"content":{"rendered":"<table border=\"0\" cellspacing=\"2\" cellpadding=\"0\">\n<tbody>\n<tr>\n<td colspan=\"3\"><span style=\"font-family: Arial,Helvetica,Geneva,Swiss,SunSans-Regular; font-size: x-large;\"><b>Familientag 2004 in Bonn<\/b><\/span><\/td>\n<\/tr>\n<tr>\n<td colspan=\"3\" height=\"30\"><\/td>\n<\/tr>\n<tr>\n<td colspan=\"3\">Vom 17. bis 19. September 2004 trafen sich 101 Familienmitglieder in der Andreas\u00ad-Hermes\u00ad-Akademie in Bonn\u00ad-R\u00f6ttgen. Information \u00fcber den Familientag siehe auf der Seite Familienverband unter Nachrichtenbl\u00e4tter und unter Literatur \u2013 Gehaltene Vortr\u00e4ge und Predigten bei den Familientagen.<\/p>\n<p>Predigt von Pfarrer Dr. Bernhard Schmidt und Vortrag von Claude Schmutz:<\/p>\n<p><a href=\"http:\/\/www.langenscherfamilienverband.de\/wp-content\/uploads\/2013\/07\/Familientag-2004-Predigt.pdf\">Predigt:\u201c1. Petrus 5, 5-11\u2033<\/a><\/p>\n<p><a href=\"http:\/\/www.langenscherfamilienverband.de\/wp-content\/uploads\/2013\/07\/Familientag-2004-Vortrag.pdf\">Vortrag:\u201cNeue Verantwortung in der Arbeitswelt?\u201c<\/a><\/td>\n<\/tr>\n<tr>\n<td colspan=\"3\" height=\"29\"><\/td>\n<\/tr>\n<tr>\n<td colspan=\"3\" align=\"center\" valign=\"top\"><img decoding=\"async\" loading=\"lazy\" class=\"\" src=\"http:\/\/www.langenscherfamilienverband.de\/wp-content\/uploads\/2014\/02\/Grupppenbild-Familientag-Bonn.jpg\" alt=\"\" width=\"527\" height=\"196\" border=\"0\" \/><\/td>\n<\/tr>\n<tr>\n<td align=\"center\" valign=\"top\" height=\"20\">Gruppenbild am Eingang der Akademie<\/td>\n<td align=\"center\" valign=\"top\" height=\"20\"><\/td>\n<td align=\"center\" valign=\"top\" height=\"20\"><\/td>\n<\/tr>\n<tr>\n<td colspan=\"3\" align=\"left\" valign=\"top\"><\/td>\n<\/tr>\n<tr>\n<td colspan=\"3\" align=\"left\" valign=\"top\" height=\"30\"><\/td>\n<\/tr>\n<tr>\n<td colspan=\"3\" align=\"left\" valign=\"top\"><\/td>\n<\/tr>\n<tr>\n<td colspan=\"3\" align=\"left\" valign=\"top\" height=\"10\"><\/td>\n<\/tr>\n<tr>\n<td colspan=\"3\" align=\"left\" valign=\"top\"><\/td>\n<\/tr>\n<tr>\n<td colspan=\"3\" align=\"left\" valign=\"top\" height=\"10\"><\/td>\n<\/tr>\n<tr>\n<td colspan=\"3\" align=\"left\" valign=\"top\"><\/td>\n<\/tr>\n<tr>\n<td colspan=\"3\" align=\"left\" valign=\"top\" height=\"10\"><\/td>\n<\/tr>\n<tr>\n<td colspan=\"3\" align=\"left\" valign=\"top\"><\/td>\n<\/tr>\n<tr>\n<td colspan=\"3\" align=\"left\" valign=\"top\" height=\"30\"><\/td>\n<\/tr>\n<tr>\n<td colspan=\"3\" align=\"left\" valign=\"top\"><\/td>\n<\/tr>\n<\/tbody>\n<\/table>\n","protected":false},"excerpt":{"rendered":"<p>Familientag 2004 in Bonn Vom 17. bis 19. September 2004 trafen sich 101 Familienmitglieder in der Andreas\u00ad-Hermes\u00ad-Akademie in Bonn\u00ad-R\u00f6ttgen. Information \u00fcber den Familientag siehe auf der Seite Familienverband unter Nachrichtenbl\u00e4tter und unter Literatur \u2013 Gehaltene Vortr\u00e4ge und Predigten bei den &hellip; <a href=\"https:\/\/www.langenscherfamilienverband.de\/?page_id=532\">Weiterlesen <span class=\"meta-nav\">&rarr;<\/span><\/a><\/p>\n","protected":false},"author":1,"featured_media":0,"parent":375,"menu_order":6,"comment_status":"closed","ping_status":"closed","template":"onecolumn-page.php","meta":[],"_links":{"self":[{"href":"https:\/\/www.langenscherfamilienverband.de\/index.php?rest_route=\/wp\/v2\/pages\/532"}],"collection":[{"href":"https:\/\/www.langenscherfamilienverband.de\/index.php?rest_route=\/wp\/v2\/pages"}],"about":[{"href":"https:\/\/www.langenscherfamilienverband.de\/index.php?rest_route=\/wp\/v2\/types\/page"}],"author":[{"embeddable":true,"href":"https:\/\/www.langenscherfamilienverband.de\/index.php?rest_route=\/wp\/v2\/users\/1"}],"replies":[{"embeddable":true,"href":"https:\/\/www.langenscherfamilienverband.de\/index.php?rest_route=%2Fwp%2Fv2%2Fcomments&post=532"}],"version-history":[{"count":30,"href":"https:\/\/www.langenscherfamilienverband.de\/index.php?rest_route=\/wp\/v2\/pages\/532\/revisions"}],"predecessor-version":[{"id":2635,"href":"https:\/\/www.langenscherfamilienverband.de\/index.php?rest_route=\/wp\/v2\/pages\/532\/revisions\/2635"}],"up":[{"embeddable":true,"href":"https:\/\/www.langenscherfamilienverband.de\/index.php?rest_route=\/wp\/v2\/pages\/375"}],"wp:attachment":[{"href":"https:\/\/www.langenscherfamilienverband.de\/index.php?rest_route=%2Fwp%2Fv2%2Fmedia&parent=532"}],"curies":[{"name":"wp","href":"https:\/\/api.w.org\/{rel}","templated":true}]}}