{"id":7,"date":"2012-10-23T16:24:59","date_gmt":"2012-10-23T14:24:59","guid":{"rendered":"http:\/\/www2.langenscherfamilienverband.de\/?page_id=7"},"modified":"2023-07-30T13:11:03","modified_gmt":"2023-07-30T11:11:03","slug":"satzung","status":"publish","type":"page","link":"https:\/\/www.langenscherfamilienverband.de\/?page_id=7","title":{"rendered":"Satzung"},"content":{"rendered":"<h2><strong>Satzung des Langenschen Familienverbandes e.V., K\u00f6ln<\/strong><\/h2>\n<p><span style=\"font-family: Arial;\"><strong> vom 30.09.1978<\/strong><\/span><\/p>\n<p><span style=\"font-family: Arial; font-size: small;\"><strong><span style=\"text-decoration: underline;\">\u00a7 1 Name und Sitz des Verbandes<\/span><\/strong><\/span><\/p>\n<p>Der Verband f\u00fchrt den Namen &#8222;Langenscher Familienverband e.V., K\u00f6ln&#8220;. Er hat seinen Sitz in K\u00f6ln und ist in das Vereinsregister eingetragen.<\/p>\n<p><span style=\"font-family: Arial; font-size: small;\"><strong><span style=\"text-decoration: underline;\">\u00a7 2 Zweck des Verbandes<\/span><\/strong> <\/span><\/p>\n<p>Der Verband hat die Aufgabe, den Familienzusammenhalt unter den Nachkommen des am 27. August 1869 zu K\u00f6ln verstorbenen Lehrers, Kaufmanns und Unternehmers Johann Jakob Langen zu festigen und zu f\u00f6rdern sowie die Familiengeschichte weiter zu erforschen, zu erg\u00e4nzen und zu sammeln.<\/p>\n<p><span style=\"font-family: Arial; font-size: small;\"><strong><span style=\"text-decoration: underline;\">\u00a7 3 Mitgliedschaft<\/span><\/strong><\/span><\/p>\n<p>Mitglied des Verbandes kann jeder Nachkomme des genannten Johann Jakob Langen werden, der die Aufgaben nach \u00a7 2 f\u00f6rdern will. Mitglieder k\u00f6nnen auch Ehegatten dieser Nachkommen werden. Die Mitglieder brauchen weder den Namen Langen zu f\u00fchren noch gef\u00fchrt zu haben.<\/p>\n<p>Die Mitgliedschaft wird erworben durch einen Beitrittsantrag, \u00fcber den der Vorstand entscheidet. Er kann die Aufnahme ohne Angaben von Gr\u00fcnden ablehnen. Wird gegen die Ablehnung Einspruch erhoben, so entscheidet hier\u00fcber der Familienrat, der ebenfalls nicht zur Angabe von Gr\u00fcnden verpflichtet ist.<\/p>\n<p>Die Mitgliedschaft beginnt mit der Zahlung des Jahresbeitrages und ruht, solange die seit dem Beitritt f\u00e4lligen Betr\u00e4ge nicht voll bezahlt sind.<\/p>\n<p>Die Mitglieder unterst\u00fctzen die Arbeiten des Familienverbandes, indem sie Familienereignisse wie Geburten, Eheschlie\u00dfungen und Todesf\u00e4lle sowie Anschriften\u00e4nderungen mitteilen.<\/p>\n<p>Die Mitgliedschaft erlischt<br \/>\na) durch Tod,<br \/>\nb) durch eine schriftliche Austrittserkl\u00e4rung zum Ende eines Kalenderjahres,<br \/>\nc) durch Ausschlu\u00df aufgrund eines gemeinsamen Beschlusses von Vorstand und Familienrat unter Ausschlu\u00df des Rechtswegs.<\/p>\n<p><span style=\"font-family: Arial; font-size: small;\"><strong><span style=\"text-decoration: underline;\">\u00a7 4 Beitr\u00e4ge<\/span><\/strong><\/span><\/p>\n<p>Der aktuelle Jahresbeitrag betr\u00e4gt f\u00fcr vollj\u00e4hrige Mitglieder DM 20,-, f\u00fcr in der Berufsausbildung befindliche und minderj\u00e4hrige Mitglieder DM 5,-.<br \/>\nStiftungen von mehr als 1000,. DM befreien von den Jahresbeitr\u00e4gen.<\/p>\n<p><em>(seit dem 1.Januar 2002 f\u00fcr vollj\u00e4hrige Mitglieder mindestens 16,00 \u20ac und in der Berufsausbildung befindliche Mitglieder 5,00 \u20ac. Stiftungen von mehr als 500 \u20ac befreien von den Jahresbeitr\u00e4gen.)<br \/>\n<\/em><br \/>\nAus den Beitr\u00e4gen werden die Kosten f\u00fcr die Verbandsmitteilungen, die Ver\u00f6ffentlichung von Familienschriften und alle notwendigen Ausgaben des Verbands, wie z.B. Zusch\u00fcsse zu den Familientagskosten, gedeckt.<\/p>\n<p><span style=\"font-family: Arial; font-size: small;\"><strong><span style=\"text-decoration: underline;\">\u00a7 5 Organe des Verbandes<\/span><\/strong><\/span><\/p>\n<p>Die Organe des Verbandes sind:<br \/>\na) der Vorstand,<br \/>\nb) der Familienrat,<br \/>\nc) die Mitgliederversammlung &#8211; der Familientag.<\/p>\n<p><span style=\"font-family: Arial; font-size: small;\"><strong><span style=\"text-decoration: underline;\">\u00a7 6 Vorstand und Aufgaben des Vorstandes<\/span><\/strong><\/span><\/p>\n<p>Der Familienverband kann ein oder mehrere Vorstandsmitglieder haben. Hat er mehrere Vorstandsmitglieder, so ist jedes Vorstandsmitglied f\u00fcr sich allein zur Vertretung des Familienverbandes berechtigt. Der Vorstand und dessen Mitglieder werden auf drei Jahre durch den Familientag (Mitgliederversammlung) gew\u00e4hlt. Wenn nach drei Jahren kein Familientag stattfindet, so l\u00e4uft das Amt des Vorstandes weiter. Eine Wiederwahl ist zul\u00e4ssig. Der Vorstandsvorsitzende mu\u00df den Namen Langen tragen.<\/p>\n<p>Der Vorstand leitet die Gesch\u00e4fte des Verbandes und vertritt ihn in allen Angelegenheiten. Er ist an die Beschl\u00fcsse des Familientages gebunden. Die Mitglieder des Vorstandes f\u00fchren ihr Amt ehrenamtlich.<\/p>\n<p>Der Vorsitzende, oder bei dessen Verhinderung ein anderes Vorstandsmitglied, beruft die Mitgliederversammlung ein und leitet diese.<\/p>\n<p>Der Vorsitzende hat den Vorstand einzuberufen. Mindestens zweimal j\u00e4hrlich hat eine Vorstandssitzung stattzufinden.<\/p>\n<p><span style=\"font-family: Arial; font-size: small;\"><strong><span style=\"text-decoration: underline;\">\u00a7 7 Familienrat<\/span><\/strong><\/span><\/p>\n<p>Der Familienrat besteht aus dem Vorstand sowie aus mindestens je einem Mitglied der folgenden Familienst\u00e4mme:<\/p>\n<table border=\"0\">\n<tbody>\n<tr>\n<td><span style=\"font-family: Arial,Helvetica,Geneva,Swiss,SunSans-Regular; font-size: small;\">Stamm I<\/span><\/td>\n<td><span style=\"font-family: Arial,Helvetica,Geneva,Swiss,SunSans-Regular;\">&nbsp;<\/span><\/td>\n<td><span style=\"font-family: Arial,Helvetica,Geneva,Swiss,SunSans-Regular;\">&nbsp;<\/span><\/td>\n<td><span style=\"font-family: Arial,Helvetica,Geneva,Swiss,SunSans-Regular;\">&nbsp;<\/span><\/td>\n<td><span style=\"font-family: Arial,Helvetica,Geneva,Swiss,SunSans-Regular;\">&nbsp;<\/span><\/td>\n<td><span style=\"font-family: Arial,Helvetica,Geneva,Swiss,SunSans-Regular; font-size: small;\">Emma Schleicher, geb. Langen<\/span><\/td>\n<\/tr>\n<tr>\n<td><span style=\"font-family: Arial,Helvetica,Geneva,Swiss,SunSans-Regular; font-size: small;\">Stamm II<\/span><\/td>\n<td><span style=\"font-family: Arial,Helvetica,Geneva,Swiss,SunSans-Regular;\">&nbsp;<\/span><\/td>\n<td><span style=\"font-family: Arial,Helvetica,Geneva,Swiss,SunSans-Regular;\">&nbsp;<\/span><\/td>\n<td><span style=\"font-family: Arial,Helvetica,Geneva,Swiss,SunSans-Regular;\">&nbsp;<\/span><\/td>\n<td><span style=\"font-family: Arial,Helvetica,Geneva,Swiss,SunSans-Regular;\">&nbsp;<\/span><\/td>\n<td><span style=\"font-family: Arial,Helvetica,Geneva,Swiss,SunSans-Regular; font-size: small;\">Carl Otto Langen<\/span><\/td>\n<\/tr>\n<tr>\n<td><span style=\"font-family: Arial,Helvetica,Geneva,Swiss,SunSans-Regular; font-size: small;\">Stamm III<\/span><\/td>\n<td><span style=\"font-family: Arial,Helvetica,Geneva,Swiss,SunSans-Regular;\">&nbsp;<\/span><\/td>\n<td><span style=\"font-family: Arial,Helvetica,Geneva,Swiss,SunSans-Regular;\">&nbsp;<\/span><\/td>\n<td><span style=\"font-family: Arial,Helvetica,Geneva,Swiss,SunSans-Regular;\">&nbsp;<\/span><\/td>\n<td><span style=\"font-family: Arial,Helvetica,Geneva,Swiss,SunSans-Regular;\">&nbsp;<\/span><\/td>\n<td><span style=\"font-family: Arial,Helvetica,Geneva,Swiss,SunSans-Regular; font-size: small;\">Gustav Langen<\/span><\/td>\n<\/tr>\n<tr>\n<td><span style=\"font-family: Arial,Helvetica,Geneva,Swiss,SunSans-Regular; font-size: small;\">Stamm IV<\/span><\/td>\n<td><span style=\"font-family: Arial,Helvetica,Geneva,Swiss,SunSans-Regular;\">&nbsp;<\/span><\/td>\n<td><span style=\"font-family: Arial,Helvetica,Geneva,Swiss,SunSans-Regular;\">&nbsp;<\/span><\/td>\n<td><span style=\"font-family: Arial,Helvetica,Geneva,Swiss,SunSans-Regular;\">&nbsp;<\/span><\/td>\n<td><span style=\"font-family: Arial,Helvetica,Geneva,Swiss,SunSans-Regular;\">&nbsp;<\/span><\/td>\n<td><span style=\"font-family: Arial,Helvetica,Geneva,Swiss,SunSans-Regular; font-size: small;\">Emil Langen<\/span><\/td>\n<\/tr>\n<tr>\n<td><span style=\"font-family: Arial,Helvetica,Geneva,Swiss,SunSans-Regular; font-size: small;\">Stamm V<\/span><\/td>\n<td><span style=\"font-family: Arial,Helvetica,Geneva,Swiss,SunSans-Regular;\">&nbsp;<\/span><\/td>\n<td><span style=\"font-family: Arial,Helvetica,Geneva,Swiss,SunSans-Regular;\">&nbsp;<\/span><\/td>\n<td><span style=\"font-family: Arial,Helvetica,Geneva,Swiss,SunSans-Regular;\">&nbsp;<\/span><\/td>\n<td><span style=\"font-family: Arial,Helvetica,Geneva,Swiss,SunSans-Regular;\">&nbsp;<\/span><\/td>\n<td><span style=\"font-family: Arial,Helvetica,Geneva,Swiss,SunSans-Regular; font-size: small;\">Jakob Langen<\/span><\/td>\n<\/tr>\n<tr>\n<td><span style=\"font-family: Arial,Helvetica,Geneva,Swiss,SunSans-Regular; font-size: small;\">Stamm VII<\/span><\/td>\n<td><span style=\"font-family: Arial,Helvetica,Geneva,Swiss,SunSans-Regular;\">&nbsp;<\/span><\/td>\n<td><span style=\"font-family: Arial,Helvetica,Geneva,Swiss,SunSans-Regular;\">&nbsp;<\/span><\/td>\n<td><span style=\"font-family: Arial,Helvetica,Geneva,Swiss,SunSans-Regular;\">&nbsp;<\/span><\/td>\n<td><span style=\"font-family: Arial,Helvetica,Geneva,Swiss,SunSans-Regular;\">&nbsp;<\/span><\/td>\n<td><span style=\"font-family: Arial,Helvetica,Geneva,Swiss,SunSans-Regular; font-size: small;\">Clara von Recklinghausen, geb. Langen<\/span><\/td>\n<\/tr>\n<tr>\n<td><span style=\"font-family: Arial,Helvetica,Geneva,Swiss,SunSans-Regular; font-size: small;\">Stamm VIII<\/span><\/td>\n<td><span style=\"font-family: Arial,Helvetica,Geneva,Swiss,SunSans-Regular;\">&nbsp;<\/span><\/td>\n<td><span style=\"font-family: Arial,Helvetica,Geneva,Swiss,SunSans-Regular;\">&nbsp;<\/span><\/td>\n<td><span style=\"font-family: Arial,Helvetica,Geneva,Swiss,SunSans-Regular;\">&nbsp;<\/span><\/td>\n<td><span style=\"font-family: Arial,Helvetica,Geneva,Swiss,SunSans-Regular;\">&nbsp;<\/span><\/td>\n<td><span style=\"font-family: Arial,Helvetica,Geneva,Swiss,SunSans-Regular; font-size: small;\">Eugen Langen<\/span><\/td>\n<\/tr>\n<tr>\n<td><span style=\"font-family: Arial,Helvetica,Geneva,Swiss,SunSans-Regular; font-size: small;\">Stamm X<\/span><\/td>\n<td><span style=\"font-family: Arial,Helvetica,Geneva,Swiss,SunSans-Regular;\">&nbsp;<\/span><\/td>\n<td><span style=\"font-family: Arial,Helvetica,Geneva,Swiss,SunSans-Regular;\">&nbsp;<\/span><\/td>\n<td><span style=\"font-family: Arial,Helvetica,Geneva,Swiss,SunSans-Regular;\">&nbsp;<\/span><\/td>\n<td><span style=\"font-family: Arial,Helvetica,Geneva,Swiss,SunSans-Regular;\">&nbsp;<\/span><\/td>\n<td><span style=\"font-family: Arial,Helvetica,Geneva,Swiss,SunSans-Regular; font-size: small;\">Albert Langen<\/span><\/td>\n<\/tr>\n<\/tbody>\n<\/table>\n<p>Die Vertreter der Familienst\u00e4mme werden auf drei Jahre von der Mitgliederversammlung aus dem Kreis der Verbandsmitglieder gew\u00e4hlt.<\/p>\n<p>Der Familienrat ist an die Beschl\u00fcsse des Familientages gebunden und f\u00fchrt sein Amt ehrenamtlich.<\/p>\n<p>Der Familienrat wird vom Vorstand mindestens einmal j\u00e4hrlich einberufen. Ist ein Familenratsmitglied verhindert zu erscheinen, so soll es aus seinem Stamm einen Vertreter benennen. Die Mitglieder des Familienrates sollen einen engeren Kontakt zwischen dem Vorstand und den Nachkommen der jeweiligen St\u00e4mme bewirken und insbesondere dem Vorstand die n\u00f6tigen Unterlagen zur F\u00fchrung der Genealogie-Kartei zuf\u00fchren.<\/p>\n<p><span style=\"font-family: Arial; font-size: small;\"><strong><span style=\"text-decoration: underline;\">\u00a7 8 Mitgliederversammlung &#8211; Familientag<\/span><\/strong><\/span><\/p>\n<p>Alle drei Jahre soll ein ordentlicher Familientag stattfinden. Er wird mit einer Frist von vier Wochen unter Angabe des Tagungsortes und der Tagesordnung durch den Vorstand schriftlich einberufen.<\/p>\n<p>Die Mitgliederversammlung beschlie\u00dft \u00fcber:<br \/>\na) den Bericht des Vorstandes,<br \/>\nb) den Kassenbericht,<br \/>\nc) die Entlastung und Neuwahl des Vorstandes<br \/>\nd) Neuwahl des Familienrates<strong><span style=\"text-decoration: underline;\"><br \/>\n<\/span><\/strong>e) Satzungs\u00e4nderungen<br \/>\nf) &nbsp;Benennung eines Kassenpr\u00fcfers, der nicht dem Vorstand angeh\u00f6ren darf<br \/>\ng) Aufl\u00f6sung des Verbandes<\/p>\n<p>Beschl\u00fcsse werden mit einfacher Mehrheit gefasst. F\u00fcr Satzungs\u00e4nderungen sowie die Aufl\u00f6sung des Verbandes ist eine Mehrheit von dreiviertel der zum Familientag erschienenen Mitglieder erforderlich. Stimmberechtigt sind alle vollj\u00e4hrigen Mitglieder.<\/p>\n<p>Au\u00dferordentliche Mitgliederversammlungen sind einzubrufen, wenn der Vorstand dies beschlie\u00dft oder mindestens ein F\u00fcnftel der Mitglieder einen entsprechenden Antrag mit Angabe des Beratungspunktes stellen.<\/p>\n<p>Die Mitgliederversammlung, die \u00fcber die Aufl\u00f6sung des Verbandes beschlie\u00dft, hat gleichzeitig Beschlu\u00df \u00fcber die Verwendung des Verbandsverm\u00f6gens zu fassen.<\/p>\n<p><span style=\"font-family: Arial; font-size: small;\"><strong><span style=\"text-decoration: underline;\">\u00a7 9 Zuwendungen und Stiftungen<\/span><\/strong><\/span><\/p>\n<p>Zuwendungen und Stiftungen f\u00fcr den Familienverband sind nach den Bestimmungen der Stifter zu verwalten.<\/p>\n","protected":false},"excerpt":{"rendered":"<p>Satzung des Langenschen Familienverbandes e.V., K\u00f6ln vom 30.09.1978 \u00a7 1 Name und Sitz des Verbandes Der Verband f\u00fchrt den Namen &#8222;Langenscher Familienverband e.V., K\u00f6ln&#8220;. Er hat seinen Sitz in K\u00f6ln und ist in das Vereinsregister eingetragen. \u00a7 2 Zweck des &hellip; <a href=\"https:\/\/www.langenscherfamilienverband.de\/?page_id=7\">Weiterlesen <span class=\"meta-nav\">&rarr;<\/span><\/a><\/p>\n","protected":false},"author":1,"featured_media":0,"parent":903,"menu_order":1,"comment_status":"closed","ping_status":"closed","template":"onecolumn-page.php","meta":[],"_links":{"self":[{"href":"https:\/\/www.langenscherfamilienverband.de\/index.php?rest_route=\/wp\/v2\/pages\/7"}],"collection":[{"href":"https:\/\/www.langenscherfamilienverband.de\/index.php?rest_route=\/wp\/v2\/pages"}],"about":[{"href":"https:\/\/www.langenscherfamilienverband.de\/index.php?rest_route=\/wp\/v2\/types\/page"}],"author":[{"embeddable":true,"href":"https:\/\/www.langenscherfamilienverband.de\/index.php?rest_route=\/wp\/v2\/users\/1"}],"replies":[{"embeddable":true,"href":"https:\/\/www.langenscherfamilienverband.de\/index.php?rest_route=%2Fwp%2Fv2%2Fcomments&post=7"}],"version-history":[{"count":47,"href":"https:\/\/www.langenscherfamilienverband.de\/index.php?rest_route=\/wp\/v2\/pages\/7\/revisions"}],"predecessor-version":[{"id":2999,"href":"https:\/\/www.langenscherfamilienverband.de\/index.php?rest_route=\/wp\/v2\/pages\/7\/revisions\/2999"}],"up":[{"embeddable":true,"href":"https:\/\/www.langenscherfamilienverband.de\/index.php?rest_route=\/wp\/v2\/pages\/903"}],"wp:attachment":[{"href":"https:\/\/www.langenscherfamilienverband.de\/index.php?rest_route=%2Fwp%2Fv2%2Fmedia&parent=7"}],"curies":[{"name":"wp","href":"https:\/\/api.w.org\/{rel}","templated":true}]}}