{"id":903,"date":"2013-11-05T12:26:00","date_gmt":"2013-11-05T11:26:00","guid":{"rendered":"http:\/\/www2.langenscherfamilienverband.de\/?page_id=903"},"modified":"2023-08-04T14:16:17","modified_gmt":"2023-08-04T12:16:17","slug":"der-verband","status":"publish","type":"page","link":"https:\/\/www.langenscherfamilienverband.de\/?page_id=903","title":{"rendered":"Familienverband"},"content":{"rendered":"<h2>Idee und Gr\u00fcndung des Familienverbands<\/h2>\n<p>An ihrem 85. Geburtstag, dem 17. Juni 1934, schlug <strong>Hermine Langen geb. Schleicher<\/strong>, die zweite Frau von Eugen Langen, ihren G\u00e4sten aus der Familie vor, einen Familienverband zu gr\u00fcnden, um den Zusammenhalt der sich immer weiter verbreitenden Sippe zu f\u00f6rdern und die Geschichte der Familie weiter zu verfolgen. Im Jahre 1935 wurde der Langensche Familienverband mit Sitz in K\u00f6ln beim Amtgericht K\u00f6ln ins Vereinsregister eingetragen.<\/p>\n<p><a href=\"http:\/\/www.langenscherfamilienverband.de\/?page_id=825\">Nachrichtenbl\u00e4tter<\/a><\/p>\n<p><a href=\"http:\/\/www.langenscherfamilienverband.de\/?page_id=2057\" target=\"_blank\" rel=\"noreferrer noopener\" aria-label=\"Besondere Beitr\u00e4ge aus den Nachrichtenbl\u00e4ttern (\u00f6ffnet in neuem Tab)\">Besondere Beitr\u00e4ge aus den Nachrichtenbl\u00e4ttern <\/a>und <a href=\"http:\/\/www.langenscherfamilienverband.de\/?page_id=1893(\u00f6ffnet in neuem Tab)\" target=\"_blank\" rel=\"noreferrer noopener\" aria-label=\"Gehaltene Vortr\u00e4ge und Predigten bei den Familientagen (\u00f6ffnet in neuem Tab)\">Gehaltene Vortr\u00e4ge und Predigten bei den Familientagen <\/a>sind ohne Passwort in &#8222;Literatur&#8220; zu lesen.<\/p>\n<p><a title=\"Satzung\" href=\"http:\/\/www.langenscherfamilienverband.de\/?page_id=7\">Satzung<\/a><\/p>\n<p><a title=\"Mitgliedschaft\" href=\"http:\/\/www.langenscherfamilienverband.de\/?page_id=11\">Mitgliedschaft im Familienverband<\/a><\/p>\n<p><a title=\"International\" href=\"http:\/\/www.langenscherfamilienverband.de\/?page_id=37\">International<\/a><\/p>\n<p>\u00a0<\/p>\n\n\n<p><\/p>\n","protected":false},"excerpt":{"rendered":"<p>Idee und Gr\u00fcndung des Familienverbands An ihrem 85. Geburtstag, dem 17. Juni 1934, schlug Hermine Langen geb. Schleicher, die zweite Frau von Eugen Langen, ihren G\u00e4sten aus der Familie vor, einen Familienverband zu gr\u00fcnden, um den Zusammenhalt der sich immer &hellip; <a href=\"https:\/\/www.langenscherfamilienverband.de\/?page_id=903\">Weiterlesen <span class=\"meta-nav\">&rarr;<\/span><\/a><\/p>\n","protected":false},"author":1,"featured_media":0,"parent":0,"menu_order":0,"comment_status":"closed","ping_status":"closed","template":"onecolumn-page.php","meta":[],"_links":{"self":[{"href":"https:\/\/www.langenscherfamilienverband.de\/index.php?rest_route=\/wp\/v2\/pages\/903"}],"collection":[{"href":"https:\/\/www.langenscherfamilienverband.de\/index.php?rest_route=\/wp\/v2\/pages"}],"about":[{"href":"https:\/\/www.langenscherfamilienverband.de\/index.php?rest_route=\/wp\/v2\/types\/page"}],"author":[{"embeddable":true,"href":"https:\/\/www.langenscherfamilienverband.de\/index.php?rest_route=\/wp\/v2\/users\/1"}],"replies":[{"embeddable":true,"href":"https:\/\/www.langenscherfamilienverband.de\/index.php?rest_route=%2Fwp%2Fv2%2Fcomments&post=903"}],"version-history":[{"count":28,"href":"https:\/\/www.langenscherfamilienverband.de\/index.php?rest_route=\/wp\/v2\/pages\/903\/revisions"}],"predecessor-version":[{"id":3018,"href":"https:\/\/www.langenscherfamilienverband.de\/index.php?rest_route=\/wp\/v2\/pages\/903\/revisions\/3018"}],"wp:attachment":[{"href":"https:\/\/www.langenscherfamilienverband.de\/index.php?rest_route=%2Fwp%2Fv2%2Fmedia&parent=903"}],"curies":[{"name":"wp","href":"https:\/\/api.w.org\/{rel}","templated":true}]}}