{"id":936,"date":"2013-11-14T09:28:20","date_gmt":"2013-11-14T08:28:20","guid":{"rendered":"http:\/\/www2.langenscherfamilienverband.de\/?page_id=936"},"modified":"2021-03-09T09:17:06","modified_gmt":"2021-03-09T08:17:06","slug":"schwebebahnen","status":"publish","type":"page","link":"https:\/\/www.langenscherfamilienverband.de\/?page_id=936","title":{"rendered":"Schwebebahnen"},"content":{"rendered":"<h2>Wuppertaler Schwebebahn<\/h2>\n<div id=\"attachment_933\" style=\"width: 510px\" class=\"wp-caption alignnone\"><a href=\"http:\/\/www2.langenscherfamilienverband.de\/wp-content\/uploads\/2013\/11\/Schwebebahn_Wuppertal_1895.jpg\"><img aria-describedby=\"caption-attachment-933\" decoding=\"async\" loading=\"lazy\" class=\"size-full wp-image-933\" src=\"http:\/\/www2.langenscherfamilienverband.de\/wp-content\/uploads\/2013\/11\/Schwebebahn_Wuppertal_1895.jpg\" alt=\"1895 (vor der Fertigstellung!)\" width=\"500\" height=\"316\" srcset=\"https:\/\/www.langenscherfamilienverband.de\/wp-content\/uploads\/2013\/11\/Schwebebahn_Wuppertal_1895.jpg 500w, https:\/\/www.langenscherfamilienverband.de\/wp-content\/uploads\/2013\/11\/Schwebebahn_Wuppertal_1895-300x189.jpg 300w, https:\/\/www.langenscherfamilienverband.de\/wp-content\/uploads\/2013\/11\/Schwebebahn_Wuppertal_1895-400x252.jpg 400w\" sizes=\"(max-width: 500px) 100vw, 500px\" \/><\/a><p id=\"caption-attachment-933\" class=\"wp-caption-text\">1895 (vor der Fertigstellung!)<\/p><\/div>\n<p><\/p>\n<div id=\"attachment_934\" style=\"width: 510px\" class=\"wp-caption alignnone\"><a href=\"http:\/\/www2.langenscherfamilienverband.de\/wp-content\/uploads\/2013\/11\/Schwebebahn_Wuppertal_1908.jpg\"><img aria-describedby=\"caption-attachment-934\" decoding=\"async\" loading=\"lazy\" class=\"size-full wp-image-934\" src=\"http:\/\/www2.langenscherfamilienverband.de\/wp-content\/uploads\/2013\/11\/Schwebebahn_Wuppertal_1908.jpg\" alt=\"1908\" width=\"500\" height=\"314\" srcset=\"https:\/\/www.langenscherfamilienverband.de\/wp-content\/uploads\/2013\/11\/Schwebebahn_Wuppertal_1908.jpg 500w, https:\/\/www.langenscherfamilienverband.de\/wp-content\/uploads\/2013\/11\/Schwebebahn_Wuppertal_1908-300x188.jpg 300w, https:\/\/www.langenscherfamilienverband.de\/wp-content\/uploads\/2013\/11\/Schwebebahn_Wuppertal_1908-400x251.jpg 400w\" sizes=\"(max-width: 500px) 100vw, 500px\" \/><\/a><p id=\"caption-attachment-934\" class=\"wp-caption-text\">1908<\/p><\/div>\n<p><\/p>\n<div id=\"attachment_931\" style=\"width: 810px\" class=\"wp-caption alignnone\"><a href=\"http:\/\/www2.langenscherfamilienverband.de\/wp-content\/uploads\/2013\/11\/schwebebahn_nb_1107.jpg\"><img aria-describedby=\"caption-attachment-931\" decoding=\"async\" loading=\"lazy\" class=\"size-full wp-image-931\" src=\"http:\/\/www2.langenscherfamilienverband.de\/wp-content\/uploads\/2013\/11\/schwebebahn_nb_1107.jpg\" alt=\"Ansichtskarte aus dem Jahr 1910\" width=\"800\" height=\"514\" srcset=\"https:\/\/www.langenscherfamilienverband.de\/wp-content\/uploads\/2013\/11\/schwebebahn_nb_1107.jpg 800w, https:\/\/www.langenscherfamilienverband.de\/wp-content\/uploads\/2013\/11\/schwebebahn_nb_1107-300x192.jpg 300w, https:\/\/www.langenscherfamilienverband.de\/wp-content\/uploads\/2013\/11\/schwebebahn_nb_1107-400x257.jpg 400w\" sizes=\"(max-width: 800px) 100vw, 800px\" \/><\/a><p id=\"caption-attachment-931\" class=\"wp-caption-text\">Ansichtskarte aus dem Jahr 1910<\/p><\/div>\n<p><\/p>\n<div id=\"attachment_935\" style=\"width: 510px\" class=\"wp-caption alignnone\"><a href=\"http:\/\/www2.langenscherfamilienverband.de\/wp-content\/uploads\/2013\/11\/Schwebebahn_Wuppertal_1930e.jpg\"><img aria-describedby=\"caption-attachment-935\" decoding=\"async\" loading=\"lazy\" class=\" wp-image-935\" src=\"http:\/\/www2.langenscherfamilienverband.de\/wp-content\/uploads\/2013\/11\/Schwebebahn_Wuppertal_1930e.jpg\" alt=\"Schwebebahn_Wuppertal_1930e\" width=\"500\" height=\"314\" srcset=\"https:\/\/www.langenscherfamilienverband.de\/wp-content\/uploads\/2013\/11\/Schwebebahn_Wuppertal_1930e.jpg 500w, https:\/\/www.langenscherfamilienverband.de\/wp-content\/uploads\/2013\/11\/Schwebebahn_Wuppertal_1930e-300x188.jpg 300w, https:\/\/www.langenscherfamilienverband.de\/wp-content\/uploads\/2013\/11\/Schwebebahn_Wuppertal_1930e-400x251.jpg 400w\" sizes=\"(max-width: 500px) 100vw, 500px\" \/><\/a><p id=\"caption-attachment-935\" class=\"wp-caption-text\">1930ziger Jahre &#8211; drei Bahnen an der Sonnborner-Br\u00fccke<\/p><\/div>\n<h2><span style=\"font-size: medium;\"><span style=\"font-family: Arial,Helvetica,Geneva,Swiss,SunSans-Regular; font-size: x-large;\">Loschwitzer Schwebebahn<\/span><\/span><\/h2>\n<div id=\"attachment_930\" style=\"width: 510px\" class=\"wp-caption alignnone\"><a href=\"http:\/\/www2.langenscherfamilienverband.de\/wp-content\/uploads\/2013\/11\/Schwebebahn_Loschwitz_1908.jpg\"><img aria-describedby=\"caption-attachment-930\" decoding=\"async\" loading=\"lazy\" class=\"size-full wp-image-930\" src=\"http:\/\/www2.langenscherfamilienverband.de\/wp-content\/uploads\/2013\/11\/Schwebebahn_Loschwitz_1908.jpg\" alt=\"1908 \" width=\"500\" height=\"310\" srcset=\"https:\/\/www.langenscherfamilienverband.de\/wp-content\/uploads\/2013\/11\/Schwebebahn_Loschwitz_1908.jpg 500w, https:\/\/www.langenscherfamilienverband.de\/wp-content\/uploads\/2013\/11\/Schwebebahn_Loschwitz_1908-300x186.jpg 300w, https:\/\/www.langenscherfamilienverband.de\/wp-content\/uploads\/2013\/11\/Schwebebahn_Loschwitz_1908-400x248.jpg 400w\" sizes=\"(max-width: 500px) 100vw, 500px\" \/><\/a><p id=\"caption-attachment-930\" class=\"wp-caption-text\">1908<\/p><\/div>\n<h2>Schwebebahnprojekt in Berlin<\/h2>\n<div id=\"attachment_929\" style=\"width: 510px\" class=\"wp-caption alignnone\"><a href=\"http:\/\/www2.langenscherfamilienverband.de\/wp-content\/uploads\/2013\/11\/Schwebebahn_Berlin.jpg\"><img aria-describedby=\"caption-attachment-929\" decoding=\"async\" loading=\"lazy\" class=\"size-full wp-image-929\" src=\"http:\/\/www2.langenscherfamilienverband.de\/wp-content\/uploads\/2013\/11\/Schwebebahn_Berlin.jpg\" alt=\"Lothringer Stra\u00dfe in Berlin wie sie nach Bau der projektierten Schwebebahn aussehen k\u00f6nnte (zeitgen\u00f6ssische Darstellung).\" width=\"500\" height=\"276\" srcset=\"https:\/\/www.langenscherfamilienverband.de\/wp-content\/uploads\/2013\/11\/Schwebebahn_Berlin.jpg 500w, https:\/\/www.langenscherfamilienverband.de\/wp-content\/uploads\/2013\/11\/Schwebebahn_Berlin-300x165.jpg 300w, https:\/\/www.langenscherfamilienverband.de\/wp-content\/uploads\/2013\/11\/Schwebebahn_Berlin-400x220.jpg 400w\" sizes=\"(max-width: 500px) 100vw, 500px\" \/><\/a><p id=\"caption-attachment-929\" class=\"wp-caption-text\">Lothringer Stra\u00dfe in Berlin wie sie nach Bau der projektierten<br>Schwebebahn aussehen k\u00f6nnte (zeitgen\u00f6ssische Darstellung).<\/p><\/div>\n<h2>Wetterhornaufzug Grindelwald<\/h2>\n<div id=\"attachment_932\" style=\"width: 510px\" class=\"wp-caption alignnone\"><a href=\"http:\/\/www2.langenscherfamilienverband.de\/wp-content\/uploads\/2013\/11\/Schwebebahn_Wetterhorn_1912.jpg\"><img aria-describedby=\"caption-attachment-932\" decoding=\"async\" loading=\"lazy\" class=\"size-full wp-image-932\" src=\"http:\/\/www2.langenscherfamilienverband.de\/wp-content\/uploads\/2013\/11\/Schwebebahn_Wetterhorn_1912.jpg\" alt=\"vor dem Ersten Weltkrieg\" width=\"500\" height=\"315\" srcset=\"https:\/\/www.langenscherfamilienverband.de\/wp-content\/uploads\/2013\/11\/Schwebebahn_Wetterhorn_1912.jpg 500w, https:\/\/www.langenscherfamilienverband.de\/wp-content\/uploads\/2013\/11\/Schwebebahn_Wetterhorn_1912-300x189.jpg 300w, https:\/\/www.langenscherfamilienverband.de\/wp-content\/uploads\/2013\/11\/Schwebebahn_Wetterhorn_1912-400x252.jpg 400w\" sizes=\"(max-width: 500px) 100vw, 500px\" \/><\/a><p id=\"caption-attachment-932\" class=\"wp-caption-text\">vor dem Ersten Weltkrieg<\/p><\/div>\n<h2>NRW-Tag 2008 in Wuppertal<\/h2>\n<p>Das Motiv mit Wuppertaler Schwebebahn, Stra\u00dfenbahn und Eisenbahn wurde in den letzten 100 Jahren bestimmt schon \u00f6fters fotografiert. Es ziert Ansichtskarten der verschiedensten Epochen. Zum NRW-Tag 2008 in Wuppertal wurde es wieder einmal neu aufgenommen. Diesmal unter Beteiligung von Nicola Bechstein (Stamm V) die uns diesen Bericht weitergeleitet hat:<\/p>\n<p><em>NRW feiert Geburtstag an der Wupper<\/em><br>Von R. Franz<\/p>\n<p><em>Zum NRW-Tag in Wuppertal gibt es an diesem Wochenende Veranstaltungen und Konzerte, die die Vielfalt von Nordrhein-Westfalen zeigen sollen. Mehr als 300.000 Menschen kamen schon am Samstag (30.08.08), um den 62. Geburtstag des Landes zu feiern.<\/em><\/p>\n<div id=\"attachment_943\" style=\"width: 410px\" class=\"wp-caption alignnone\"><a href=\"http:\/\/www2.langenscherfamilienverband.de\/wp-content\/uploads\/2013\/11\/nrw_tag_wpt_01_400q.jpg\"><img aria-describedby=\"caption-attachment-943\" decoding=\"async\" loading=\"lazy\" class=\"size-full wp-image-943\" src=\"http:\/\/www2.langenscherfamilienverband.de\/wp-content\/uploads\/2013\/11\/nrw_tag_wpt_01_400q.jpg\" alt=\"In festliche Kleidung geschl\u00fcpft (Nicola Bechstein ganz links)\" width=\"400\" height=\"300\" srcset=\"https:\/\/www.langenscherfamilienverband.de\/wp-content\/uploads\/2013\/11\/nrw_tag_wpt_01_400q.jpg 400w, https:\/\/www.langenscherfamilienverband.de\/wp-content\/uploads\/2013\/11\/nrw_tag_wpt_01_400q-300x225.jpg 300w\" sizes=\"(max-width: 400px) 100vw, 400px\" \/><\/a><p id=\"caption-attachment-943\" class=\"wp-caption-text\">In festliche Kleidung geschl\u00fcpft (Nicola Bechstein ganz links)<\/p><\/div>\n<p>F\u00fcr die acht Mitglieder der IG Zeitreise aus Wuppertal hat der NRW-Tag am Samstag (30.08.08) schon sehr fr\u00fch begonnen. Sie haben sich f\u00fcr diesen Tag in B\u00fcrger der Zeit um 1900 verwandelt. Ihren gro\u00dfen Auftritt haben sie zwar erst am Nachmittag, doch in ihrer selbstgeschneiderten Kleidung fallen sie bereits am Morgen auf, als sie aus der Schwebebahn steigen. &#8222;Viele Kinder fragen uns, ob wir aus dem Mittelalter sind&#8220;, erkl\u00e4rt Nanny Sauer. Die Zeitreisenden sind einer der Vereine und Initiativen aus dem ganzen Land, die Wuppertal zu einer gro\u00dfen Festparade erwartet.<\/p>\n<p><strong>Punktlandung f\u00fcr einen Fototermin<\/strong><\/p>\n<div id=\"attachment_945\" style=\"width: 170px\" class=\"wp-caption alignnone\"><a href=\"http:\/\/www2.langenscherfamilienverband.de\/wp-content\/uploads\/2013\/11\/nrw_tag_wpt_14_160q.jpg\"><img aria-describedby=\"caption-attachment-945\" decoding=\"async\" loading=\"lazy\" class=\"size-full wp-image-945\" src=\"http:\/\/www2.langenscherfamilienverband.de\/wp-content\/uploads\/2013\/11\/nrw_tag_wpt_14_160q.jpg\" alt=\"Steuert Zug und Bahn per Handy\" width=\"160\" height=\"120\"><\/a><p id=\"caption-attachment-945\" class=\"wp-caption-text\">Steuert Zug und Bahn per Handy<\/p><\/div>\n<p><em>Nach der bunten Festparade schl\u00e4gt am sp\u00e4ten Nachmittag die gro\u00dfe Stunde von Ralf Bendig. Seit einem Jahr arbeitet der Eisenbahner auf eine Minute hin: 16.16 Uhr. Dann soll in Wuppertal ein Postkartenmotiv aus dem Jahr 1914 noch einmal fotografiert werden. Damals hatte ein Fotograf einen Eisenbahnzug, einen Schwebebahnwagen und die Stra\u00dfenbahn aufgenommen, deren Wege sich auf und unter der Zoobr\u00fccke kreuzten.<\/em><\/p>\n<p><em>W\u00e4hrend die alte Stra\u00dfenbahn seit einem Tag an ihrem Platz steht, hat Koordinator Bendig eine halbe Stunde vor dem geplanten Fototermin das Problem, dass der historische Kaiserwagen in einem Schwebebahnstau steckt. Der Dampfzug muss aber genau im Fahrplantakt der S-Bahn fahren und die ist bisher p\u00fcnktlich. Bange Minuten f\u00fcr Bendig, der von mehr als hundert Fotografen umringt ist. \u00dcber Handy und Sprechpunkt ist er mit Lokf\u00fchrer und Schwebebahnfahrer verbunden. Dann die erl\u00f6sende Nachricht: Die S-Bahn kommt zwei Minuten sp\u00e4ter. Damit ist der Weg frei f\u00fcr das nachgestellte Foto. Nachdem sie ihre Bilder gemacht haben, danken die Fotografen Bendig mit einem Applaus. &#8222;Das hat ganz sch\u00f6n Nerven gekostet&#8220;, bemerkt der Eisenbahner.<\/em><\/p>\n<div id=\"attachment_944\" style=\"width: 410px\" class=\"wp-caption alignnone\"><a href=\"http:\/\/www2.langenscherfamilienverband.de\/wp-content\/uploads\/2013\/11\/nrw_tag_wpt_13_400q.jpg\"><img aria-describedby=\"caption-attachment-944\" decoding=\"async\" loading=\"lazy\" class=\"size-full wp-image-944\" src=\"http:\/\/www2.langenscherfamilienverband.de\/wp-content\/uploads\/2013\/11\/nrw_tag_wpt_13_400q.jpg\" alt=\"Bild wie vor 100 Jahren\" width=\"400\" height=\"300\" srcset=\"https:\/\/www.langenscherfamilienverband.de\/wp-content\/uploads\/2013\/11\/nrw_tag_wpt_13_400q.jpg 400w, https:\/\/www.langenscherfamilienverband.de\/wp-content\/uploads\/2013\/11\/nrw_tag_wpt_13_400q-300x225.jpg 300w\" sizes=\"(max-width: 400px) 100vw, 400px\" \/><\/a><p id=\"caption-attachment-944\" class=\"wp-caption-text\">Bild wie vor 100 Jahren<\/p><\/div>\n<p><em>Wie f\u00fcr das Fotomotiv geschaffen wirken auch die acht Zeitreisenden aus Wuppertal in ihren zeitgem\u00e4\u00dfen Kost\u00fcmen. Im entscheidenden Moment flanieren sie neben der Stra\u00dfenbahn her und runden das nachgestellte Motiv ab. Sie sind froh dar\u00fcber, es geschafft zu haben, denn der NRW-Tag hat die Mitglieder der Gruppe nach mehr als acht Stunden geschafft. Jetzt freuen sie sich vor allem darauf, ihre historischen Schuhe auszuziehen. W\u00e4hrend die Zeitreisenden mit der Schwebebahn nach Hause fahren, geht das NRW-Geburtstag in Wuppertal weiter. Bis in die Nacht wird an diesem sch\u00f6nen Sommerabend weiter gefeiert.<\/em><\/p>\n<h2>&nbsp;<\/h2>\n<h2>120 Jahre Schwebebahn im Jahr 2021<\/h2>\n\n\n<div class=\"wp-block-image\"><figure class=\"aligncenter is-resized\"><img decoding=\"async\" loading=\"lazy\" src=\"https:\/\/www.langenscherfamilienverband.de\/wp-content\/uploads\/2021\/03\/20210305_085000-1-1024x627.jpg\" alt=\"\" class=\"wp-image-2830\" width=\"338\" height=\"207\" srcset=\"https:\/\/www.langenscherfamilienverband.de\/wp-content\/uploads\/2021\/03\/20210305_085000-1-1024x627.jpg 1024w, https:\/\/www.langenscherfamilienverband.de\/wp-content\/uploads\/2021\/03\/20210305_085000-1-300x184.jpg 300w, https:\/\/www.langenscherfamilienverband.de\/wp-content\/uploads\/2021\/03\/20210305_085000-1-768x470.jpg 768w\" sizes=\"(max-width: 338px) 100vw, 338px\" \/><\/figure><\/div>\n\n\n\n<figure class=\"wp-block-image\"><img decoding=\"async\" loading=\"lazy\" width=\"1024\" height=\"596\" src=\"https:\/\/www.langenscherfamilienverband.de\/wp-content\/uploads\/2021\/03\/20210305_085053-1024x596.jpg\" alt=\"\" class=\"wp-image-2833\" srcset=\"https:\/\/www.langenscherfamilienverband.de\/wp-content\/uploads\/2021\/03\/20210305_085053-1024x596.jpg 1024w, https:\/\/www.langenscherfamilienverband.de\/wp-content\/uploads\/2021\/03\/20210305_085053-300x175.jpg 300w, https:\/\/www.langenscherfamilienverband.de\/wp-content\/uploads\/2021\/03\/20210305_085053-768x447.jpg 768w\" sizes=\"(max-width: 1024px) 100vw, 1024px\" \/><\/figure>\n\n\n<p>Drei Abbildungen aus der Festschrift im Archiv des Langenschen Familienverband, K\u00f6ln<\/p>\n\n\n<div class=\"wp-block-image\"><figure class=\"aligncenter\"><img decoding=\"async\" loading=\"lazy\" width=\"622\" height=\"266\" src=\"https:\/\/www.langenscherfamilienverband.de\/wp-content\/uploads\/2021\/03\/Bahnhof-und-Wagenhalle.png\" alt=\"\" class=\"wp-image-2839\" srcset=\"https:\/\/www.langenscherfamilienverband.de\/wp-content\/uploads\/2021\/03\/Bahnhof-und-Wagenhalle.png 622w, https:\/\/www.langenscherfamilienverband.de\/wp-content\/uploads\/2021\/03\/Bahnhof-und-Wagenhalle-300x128.png 300w\" sizes=\"(max-width: 622px) 100vw, 622px\" \/><\/figure><\/div>\n\n\n<p><strong>Artikel der dpa:<\/strong><\/p>\n<p><strong>120 Jahre Schwebebahn von Volker Danisch<br><\/strong><\/p>\n<p><strong>&nbsp;<\/strong>[&#8230;] Zuckerfabrikant Eugen Langen entwickelte das System der Schwebebahn. Der Betriebsstart erfolgte vor 120 Jahren in Wuppertal und Dresden.&nbsp;<\/p>\n<p>Wuppertal\/K\u00f6ln (dpa) &#8211; Am Jubil\u00e4umstag bleiben die Bahnsteige leer. Vor 120 Jahren, am&nbsp; 1. M\u00e4rz 1901, ist die Wuppertaler Schwebebahn in Betrieb genommen worden. Von einem sehr gro\u00dfen Andrang f\u00fcr die ersten Fahrten auf der damaligen Teilstrecke ist in den \u00dcberlieferungen die Rede. Die Schwebebahn wurde schnell das R\u00fcckgrat des Nahverkehrs in dem dicht bebauten Tal. Normalerweise wird sie heutzutage t\u00e4glich von mehr als 80 000 Menschen genutzt. Seit August gleicht sie aber einer Gro\u00dfbaustelle. Personen werden nur an Wochenenden bef\u00f6rdert. Der Regelbetrieb soll nach einem Jahr Pause im Sommer wieder starten.&nbsp;<\/p>\n<p>Die Wiege der Wuppertaler Schwebebahn stand etwa 50 Kilometer entfernt in K\u00f6ln. \u00abDie Zuckerindustrie ist der Ursprung\u00bb, sagt Hermann Langen, ein Ur-Gro\u00dfneffe des Schwebebahn-Erfinders Eugen Langen (1833-1895). H\u00e4ngebahnen dienten damals in Betrieben als Transportmittel. \u00abLangen wurde zu seiner Erfindung angeregt durch solche Konstruktionen in seinen Zuckerfabriken. Sein Verdienst ist die \u00dcbertragung des Systems auf die Personenbef\u00f6rderung\u00bb, erkl\u00e4rt Professor Walter Buschmann, Ex-Lehrbeauftragter der RWTH Aachen.<\/p>\n<p>In K\u00f6ln entstand mit Domblick eine Versuchsstrecke f\u00fcr das System mit freischwebend aufgeh\u00e4ngten Personenwagen. Der Zuckerfabrikant und Ingenieur Langen erhielt 1895 das Patent Nr. 83047, suchte nach Partnern im Maschinen- und Waggonbau. \u00abIch hab&#8216; das Ding Schwebebahn genannt\u00bb, schrieb Langen an Wilhelm von Siemens, wie der F\u00f6rderverein Historische Schwebebahn Wuppertal berichtet. In den Metropolen war die wachsende Mobilit\u00e4t der Menschen ein gro\u00dfes Problem. So baute Konkurrent Siemens &amp; Halske ab 1896 in Berlin eine Hochbahn-Strecke.<\/p>\n<p>F\u00fcr die Industriest\u00e4dte Barmen und Elberfeld, die erst Jahrzehnte sp\u00e4ter zu Wuppertal verschmolzen, bot die Schwebebahn Vorteile: Eine relativ luftige Metallkonstruktion, eine schnellere Kurvenfahrt und f\u00fcr Hochwasser ausreichende St\u00fctzen an den Ufern der Wupper, z\u00e4hlt Buschmann auf. Ab 1898 setzte ein Privatunternehmen das Projekt um. Die komplette Strecke \u00fcber 13 Kilometer war 1903 fertig. Das kostete 16 Millionen Goldmark. Fast 20 000 Tonnen Eisen wurden verbaut. Gut 470 Metallst\u00fctzen tragen den Fahrweg in acht bis zw\u00f6lf Meter H\u00f6he.<\/p>\n<p>Zu einem der prominentesten Fahrg\u00e4ste ist durch ihren spektakul\u00e4ren Sturz in die Wupper Tuffi geworden. Die junge Elefantenkuh wurde bei einer normalen Linienfahrt am 21. Juli 1950 zu Werbezwecken f\u00fcr einen Zirkus an Bord gef\u00fchrt. W\u00e4hrend der Fahrt geriet das vier Jahre alte Tier in Panik, durchbrach die Au\u00dfenwand und fiel in die Tiefe. Sie landete weitgehend unverletzt auf dem Hinterteil in einem Schlammloch der Wupper. Daran erinnert eine Skulptur im Fluss. Tuffi hat ein Denkmal in der Fu\u00dfg\u00e4ngerzone und ist Namensgeberin f\u00fcr Milchprodukte.<\/p>\n<p>Im vergangenen Jahr h\u00e4uften sich die technischen Probleme. Die R\u00e4der nutzten sich schneller als gedacht ab, Sch\u00e4den an den Schienen traten zu Tage. Die Wuppertaler Stadtwerke zogen aus Sicherheitsgr\u00fcnden die Notbremse und stellten den Regelbetrieb f\u00fcr l\u00e4ngere Zeit ein. Dabei war die 15. Zug-Generation ab Ende 2016 mit hohen Erwartungen in den Dienst gestellt worden. So wird wie bei U-Bahnen Energie beim Bremsen zur\u00fcckgewonnen. Die Aufgabenliste ist lang: Montagem\u00e4ngel beseitigen, Radverschlei\u00df reduzieren, Ersatzteile sichern, Werkstatt ausbauen.<\/p>\n<p>Schon vorher ist die elektrische Schwebebahn umfangreich modernisiert worden. \u00abDie Zahl der Reparaturen ging ins Gigantische\u00bb, schildert Buchautor Michael Malicke die Situation Anfang der 1990er Jahre. Eisentr\u00e4ger wurden durch stabilere Nachfolger ersetzt &#8211; aber mit den charakteristischen Nieten. Das Erscheinungsbild der Bahnh\u00f6fe hat sich dagegen gr\u00f6\u00dftenteils ge\u00e4ndert. \u00abDer Tourismuseffekt ist hoch\u00bb, sagt Malicke und beschreibt die Wirkung vor den Corona-Beschr\u00e4nkungen: \u00abViele Touristen nutzen die Fahrt mit der Schwebebahn, um den Wuppertaler Zoo oder das Tanztheater Pina Bausch zu besuchen.\u00bb<\/p>\n<p>Gro\u00dfe Folgeprojekte nach dem Betriebsstart an der Wupper kamen nicht zustande. Nach dem System Langen ging am 6. Mai 1901 in Dresden eine Bergbahn in Betrieb. In dicht bebauten Stra\u00dfen stand wenig Raum zur Verf\u00fcgung und U-Bahn-Projekte r\u00fcckten schon in der Anfangszeit der Schwebebahn in einigen Metropolen in den Fokus. In der Sonderfahrt von Kaiser Wilhelm II. wenige Monate vor dem Betriebsstart sieht Malicke zwar einen PR-Erfolg. Ein Schwebebahn-Projekt f\u00fcr Berlin scheiterte damals aber trotzdem. [&#8230;]<\/p>\n<h6><strong>Mit freundlicher Genehmigung der dpa.<\/strong><\/h6>","protected":false},"excerpt":{"rendered":"<p>Wuppertaler Schwebebahn Loschwitzer Schwebebahn Schwebebahnprojekt in Berlin Wetterhornaufzug Grindelwald NRW-Tag 2008 in Wuppertal Das Motiv mit Wuppertaler Schwebebahn, Stra\u00dfenbahn und Eisenbahn wurde in den letzten 100 Jahren bestimmt schon \u00f6fters fotografiert. Es ziert Ansichtskarten der verschiedensten Epochen. Zum NRW-Tag 2008 &hellip; <a href=\"https:\/\/www.langenscherfamilienverband.de\/?page_id=936\">Weiterlesen <span class=\"meta-nav\">&rarr;<\/span><\/a><\/p>\n","protected":false},"author":1,"featured_media":0,"parent":34,"menu_order":0,"comment_status":"closed","ping_status":"closed","template":"onecolumn-page.php","meta":[],"_links":{"self":[{"href":"https:\/\/www.langenscherfamilienverband.de\/index.php?rest_route=\/wp\/v2\/pages\/936"}],"collection":[{"href":"https:\/\/www.langenscherfamilienverband.de\/index.php?rest_route=\/wp\/v2\/pages"}],"about":[{"href":"https:\/\/www.langenscherfamilienverband.de\/index.php?rest_route=\/wp\/v2\/types\/page"}],"author":[{"embeddable":true,"href":"https:\/\/www.langenscherfamilienverband.de\/index.php?rest_route=\/wp\/v2\/users\/1"}],"replies":[{"embeddable":true,"href":"https:\/\/www.langenscherfamilienverband.de\/index.php?rest_route=%2Fwp%2Fv2%2Fcomments&post=936"}],"version-history":[{"count":16,"href":"https:\/\/www.langenscherfamilienverband.de\/index.php?rest_route=\/wp\/v2\/pages\/936\/revisions"}],"predecessor-version":[{"id":2881,"href":"https:\/\/www.langenscherfamilienverband.de\/index.php?rest_route=\/wp\/v2\/pages\/936\/revisions\/2881"}],"up":[{"embeddable":true,"href":"https:\/\/www.langenscherfamilienverband.de\/index.php?rest_route=\/wp\/v2\/pages\/34"}],"wp:attachment":[{"href":"https:\/\/www.langenscherfamilienverband.de\/index.php?rest_route=%2Fwp%2Fv2%2Fmedia&parent=936"}],"curies":[{"name":"wp","href":"https:\/\/api.w.org\/{rel}","templated":true}]}}