{"id":959,"date":"2013-11-14T09:53:33","date_gmt":"2013-11-14T08:53:33","guid":{"rendered":"http:\/\/www2.langenscherfamilienverband.de\/?page_id=959"},"modified":"2021-09-02T10:17:04","modified_gmt":"2021-09-02T08:17:04","slug":"ereignisse","status":"publish","type":"page","link":"https:\/\/www.langenscherfamilienverband.de\/?page_id=959","title":{"rendered":"Ereignisse"},"content":{"rendered":"<p><b><span style=\"font-family: Arial,Helvetica,Geneva,Swiss,SunSans-Regular; font-size: x-large;\">Ereignisse<\/span><\/b><\/p>\n<p><span style=\"font-family: Arial,Helvetica,Geneva,Swiss,SunSans-Regular; font-size: medium;\"><i>Hier sind interessante Ereignisse zu finden, die mit der Familie und ihrer Geschichte in Verbindung stehen. Weitere Ereignisse k\u00f6nnen m\u00f6glichst mit Bildern an <a href=\"mailto:Langenscherfamilienverband@web.de\">info@langenscherfamilienverband.de<\/a> gemeldet werden.<\/i><\/span><\/p>\n<table style=\"height: 27px;\" border=\"0\" width=\"268\" cellspacing=\"2\" cellpadding=\"0\">\n<tbody>\n<tr>\n<td align=\"center\" width=\"353\" height=\"4\"><a href=\"http:\/\/www.langenscherfamilienverband.de\/wp-content\/uploads\/2021\/09\/Familientage-in-Wuppertal.pdf\">Familientage in Wuppertal<\/a><\/td>\n<td valign=\"top\" height=\"4\">\u00a0<\/td>\n<\/tr>\n<\/tbody>\n<\/table>\n<table style=\"height: 4786px;\" border=\"0\" width=\"446\" cellspacing=\"2\" cellpadding=\"0\">\n<tbody>\n<tr>\n<td align=\"center\" width=\"353\" height=\"19\">Nachrichtenblatt Januar 2020, Seite 18-22<\/td>\n<td style=\"vertical-align: middle; text-align: left;\"><a href=\"http:\/\/www.langenscherfamilienverband.de\/wp-content\/uploads\/2020\/03\/Haus-Bollheim-uns-seine-Geschichte.pdf\">Haus Bollheim uns seine Geschichte<\/a>\u00a0\u00a0\u00a0\u00a0\u00a0\u00a0\u00a0<\/td>\n<\/tr>\n<tr>\n<td align=\"center\" width=\"353\" height=\"4\">\u00a0<\/td>\n<td valign=\"top\" height=\"4\">\u00a0<\/td>\n<\/tr>\n<tr>\n<td align=\"center\" width=\"353\" height=\"20\"><a href=\"http:\/\/www2.langenscherfamilienverband.de\/wp-content\/uploads\/2013\/11\/Kaiser-in-vohwinkel+.jpg\"><img decoding=\"async\" loading=\"lazy\" class=\"size-full wp-image-947 alignleft\" src=\"http:\/\/www2.langenscherfamilienverband.de\/wp-content\/uploads\/2013\/11\/Kaiser-in-vohwinkel+.jpg\" alt=\"Kaiser-in-vohwinkel+\" width=\"350\" height=\"221\" srcset=\"https:\/\/www.langenscherfamilienverband.de\/wp-content\/uploads\/2013\/11\/Kaiser-in-vohwinkel+.jpg 350w, https:\/\/www.langenscherfamilienverband.de\/wp-content\/uploads\/2013\/11\/Kaiser-in-vohwinkel+-300x189.jpg 300w\" sizes=\"(max-width: 350px) 100vw, 350px\" \/><\/a><\/td>\n<td style=\"vertical-align: middle; text-align: left;\"><span style=\"font-family: Arial,Helvetica,Geneva,Swiss,SunSans-Regular; font-size: medium;\"><span style=\"font-family: Arial,Helvetica,Geneva,Swiss,SunSans-Regular; font-size: medium;\"><b>Der Kaiser in Vohwinkel &#8211; Historienspiel 17. Mai 2008\u00a0<\/b><\/span><\/span><span style=\"font-family: Arial,Helvetica,Geneva,Swiss,SunSans-Regular; font-size: medium;\"><span style=\"font-family: Arial,Helvetica,Geneva,Swiss,SunSans-Regular; font-size: medium;\">Aus Anlass eines Festes zur offiziellen \u00dcbergabe des neuen Schwebebahn-Bahnhofs Vohwinkel an die Wuppertaler B\u00fcrger\/innen am 17. Mai 2008 und des Jubil\u00e4ums 50 Jahre AGVV wurde von der Arbeitsgemeinschaft Vohwinkeler Vereine (AGVV) am damaligen Landratsamt ein Historienspiel dargeboten. Beteiligt war Nicola Bechstein (Stamm V, rechts neben dem &#8222;Kaiser&#8220;).<\/span><\/span><span style=\"font-family: Arial,Helvetica,Geneva,Swiss,SunSans-Regular; font-size: medium;\">Weitere Bilder gibt es bei der <a href=\"http:\/\/www.agvv.org\/131.htm\" target=\"_blank\" rel=\"noopener noreferrer\">AGVV<\/a>.<\/span><\/td>\n<\/tr>\n<tr>\n<td align=\"center\" width=\"353\" height=\"5\">\u00a0<\/td>\n<td valign=\"top\" height=\"5\">\u00a0<\/td>\n<\/tr>\n<tr>\n<td align=\"center\" width=\"353\" height=\"20\"><a href=\"http:\/\/www2.langenscherfamilienverband.de\/wp-content\/uploads\/2013\/11\/Wuppertal_Apr2007.jpg\"><img decoding=\"async\" loading=\"lazy\" class=\"size-full wp-image-949 alignleft\" src=\"http:\/\/www2.langenscherfamilienverband.de\/wp-content\/uploads\/2013\/11\/Wuppertal_Apr2007.jpg\" alt=\"Wuppertal_Apr2007\" width=\"350\" height=\"262\" srcset=\"https:\/\/www.langenscherfamilienverband.de\/wp-content\/uploads\/2013\/11\/Wuppertal_Apr2007.jpg 350w, https:\/\/www.langenscherfamilienverband.de\/wp-content\/uploads\/2013\/11\/Wuppertal_Apr2007-300x224.jpg 300w\" sizes=\"(max-width: 350px) 100vw, 350px\" \/><\/a><\/td>\n<td style=\"vertical-align: middle; text-align: left;\"><span style=\"font-family: Arial,Helvetica,Geneva,Swiss,SunSans-Regular; font-size: medium;\"><span style=\"font-family: Arial,Helvetica,Geneva,Swiss,SunSans-Regular; font-size: medium;\"><b>Er\u00f6ffnung der st\u00e4ndigen Schwebebahnausstellung des\u00a0<\/b><\/span><\/span><strong>F\u00f6rdervereins Historische Schwebebahn e.V.<\/strong>, Wuppertal 10. April 2007<span style=\"font-family: Arial,Helvetica,Geneva,Swiss,SunSans-Regular; font-size: medium;\">von links : Hermann Langen (III g 4-5), Rosemarie Ro\u00dfberg (VIII o 1-3), Doris Langen (VIII o 1-1), Karl-Ernst Ro\u00dfberg (VIII o 1-3), Matthias Langen (VIII o 1-1), Beatrix March (VIII l 4-1) und Eckart March (VIII l 4-1)<\/span><\/td>\n<\/tr>\n<tr>\n<td width=\"353\" height=\"5\">\u00a0<\/td>\n<td valign=\"top\" height=\"5\">\u00a0<\/td>\n<\/tr>\n<tr>\n<td width=\"353\"><a href=\"http:\/\/www2.langenscherfamilienverband.de\/wp-content\/uploads\/2013\/11\/Tafel_ver_web.jpg\"><img decoding=\"async\" loading=\"lazy\" class=\"size-full wp-image-956 alignleft\" src=\"http:\/\/www2.langenscherfamilienverband.de\/wp-content\/uploads\/2013\/11\/Tafel_ver_web.jpg\" alt=\"Tafel_ver_web\" width=\"250\" height=\"333\" srcset=\"https:\/\/www.langenscherfamilienverband.de\/wp-content\/uploads\/2013\/11\/Tafel_ver_web.jpg 250w, https:\/\/www.langenscherfamilienverband.de\/wp-content\/uploads\/2013\/11\/Tafel_ver_web-225x300.jpg 225w\" sizes=\"(max-width: 250px) 100vw, 250px\" \/><\/a><\/td>\n<td style=\"vertical-align: middle; text-align: left;\"><b><span style=\"font-family: Arial,Helvetica,Geneva,Swiss,SunSans-Regular; font-size: medium;\">Am 21.Oktober 2006 wurde an der Talstation der Dresdener Bergschwebebahn die Gedenktafel f\u00fcr Eugen Langen enth\u00fcllt.\u00a0<\/span><\/b><span style=\"color: #b22222; font-family: Arial,Helvetica,Geneva,Swiss,SunSans-Regular; font-size: small;\"><b>Das Bild zeigt die verh\u00fcllte Gedenktafel. Durch Ber\u00fchren des Bildes mit dem Mauszeiger kann man die Enth\u00fcllung selber nochmal vornehmen.\u00a0<\/b><\/span><span style=\"font-family: Arial,Helvetica,Geneva,Swiss,SunSans-Regular; font-size: medium;\">von links : Herr Cred\u00e9 (DVB), Fynn Langen, Martin Langen<\/span><\/td>\n<\/tr>\n<tr>\n<td width=\"353\" height=\"5\">\u00a0<\/td>\n<td valign=\"top\" height=\"5\">\u00a0<\/td>\n<\/tr>\n<tr>\n<td width=\"353\"><a href=\"http:\/\/www2.langenscherfamilienverband.de\/wp-content\/uploads\/2013\/11\/Suedafrika2005.jpg\"><img decoding=\"async\" loading=\"lazy\" class=\"size-full wp-image-954 alignleft\" src=\"http:\/\/www2.langenscherfamilienverband.de\/wp-content\/uploads\/2013\/11\/Suedafrika2005.jpg\" alt=\"Suedafrika2005\" width=\"350\" height=\"263\" srcset=\"https:\/\/www.langenscherfamilienverband.de\/wp-content\/uploads\/2013\/11\/Suedafrika2005.jpg 350w, https:\/\/www.langenscherfamilienverband.de\/wp-content\/uploads\/2013\/11\/Suedafrika2005-300x225.jpg 300w\" sizes=\"(max-width: 350px) 100vw, 350px\" \/><\/a><\/td>\n<td style=\"vertical-align: middle; text-align: center;\">\n<p style=\"text-align: left;\"><span style=\"font-family: Arial,Helvetica,Geneva,Swiss,SunSans-Regular; font-size: medium;\"><span style=\"font-family: Arial,Helvetica,Geneva,Swiss,SunSans-Regular; font-size: medium;\"><b>Familientreffen anl\u00e4\u00dflich 70. Geburtstag von Ursula D\u2019Arcy Donnelly am 23.10.2005 in Johannesburg, S\u00fcdafrika<\/b><\/span><\/span><\/p>\n<p style=\"text-align: left;\"><span style=\"font-family: Arial,Helvetica,Geneva,Swiss,SunSans-Regular; font-size: medium;\"><span style=\"font-family: Arial,Helvetica,Geneva,Swiss,SunSans-Regular; font-size: medium;\">Hintere Reihe von links:\u00a0<\/span><\/span><span style=\"font-family: Arial,Helvetica,Geneva,Swiss,SunSans-Regular; font-size: medium;\"><span style=\"font-family: Arial,Helvetica,Geneva,Swiss,SunSans-Regular; font-size: medium;\">Erik D&#8217;Arcy-Donnelly (VIII f 3-2-1), Karl-Ernst Ro\u00dfberg (VIII o 1-3), Joanne und Martin Langen (VIII f 3-1-1), Robin D&#8217;Arcy-Donnelly (VIII f 3-2-2)<\/span><\/span><\/p>\n<p style=\"text-align: left;\"><span style=\"font-family: Arial,Helvetica,Geneva,Swiss,SunSans-Regular; font-size: medium;\"><span style=\"font-family: Arial,Helvetica,Geneva,Swiss,SunSans-Regular; font-size: medium;\">Vordere Reihe:\u00a0<\/span><\/span><span style=\"font-family: Arial,Helvetica,Geneva,Swiss,SunSans-Regular; font-size: medium;\"><span style=\"font-family: Arial,Helvetica,Geneva,Swiss,SunSans-Regular; font-size: medium;\">Rosemarie Ro\u00dfberg (VIII o 1-3), mit Christopher Langen (VIII f 3-1-1-2), Ursula D&#8217;Arcy-Donnelly (VIII f 3-2) mit Anthony D&#8217;Arcy-Donnelly (VIII f 3-2-2-1), Sally D&#8217;Arcy-Donnelly (VIII f 3-2-2) mit Amy Langen (VIII f 3-1-1-1).<\/span><\/span><\/p>\n<\/td>\n<\/tr>\n<tr>\n<td width=\"353\" height=\"5\">\u00a0<\/td>\n<td valign=\"top\" height=\"5\">\u00a0<\/td>\n<\/tr>\n<tr>\n<td width=\"353\" height=\"20\">\n<div align=\"center\"><a href=\"http:\/\/www2.langenscherfamilienverband.de\/wp-content\/uploads\/2013\/11\/Losziehung.jpg\"><img decoding=\"async\" loading=\"lazy\" class=\"size-full wp-image-953 alignleft\" src=\"http:\/\/www2.langenscherfamilienverband.de\/wp-content\/uploads\/2013\/11\/Losziehung.jpg\" alt=\"Losziehung\" width=\"225\" height=\"300\" \/><\/a><\/div>\n<\/td>\n<td style=\"vertical-align: middle; text-align: center;\">\n<p style=\"text-align: left;\"><span style=\"font-family: Arial,Helvetica,Geneva,Swiss,SunSans-Regular; font-size: medium;\"><span style=\"font-family: Arial,Helvetica,Geneva,Swiss,SunSans-Regular; font-size: medium;\"><span style=\"font-family: Arial,Helvetica,Geneva,Swiss,SunSans-Regular; font-size: medium;\"><b>Am 27. November 2004 wurden im Rahmen der Vorstandssitzung die Gewinner der Fragebogen-Aktion per Los gezogen.\u00a0<\/b><\/span><\/span><\/span>Wir gratulieren herzlich Helga Glasmacher (VIII p1-3)<span style=\"font-family: Arial,Helvetica,Geneva,Swiss,SunSans-Regular; font-size: medium;\"><span style=\"font-family: Arial,Helvetica,Geneva,Swiss,SunSans-Regular; font-size: medium;\">Kerstin oder Maximilian March (VIII l4-1-3),<\/span><\/span><\/p>\n<p style=\"text-align: left;\">die sich \u00fcber eine kostenlose Teilnahme am Familientag 2006 freuen d\u00fcrfen.<\/p>\n<\/td>\n<\/tr>\n<tr>\n<td width=\"353\" height=\"5\">\u00a0<\/td>\n<td height=\"5\">\u00a0<\/td>\n<\/tr>\n<tr>\n<td align=\"center\" valign=\"top\" width=\"353\"><a href=\"http:\/\/www2.langenscherfamilienverband.de\/wp-content\/uploads\/2013\/11\/Geruest-ohne.jpg\"><img decoding=\"async\" loading=\"lazy\" class=\"size-full wp-image-951 alignleft\" src=\"http:\/\/www2.langenscherfamilienverband.de\/wp-content\/uploads\/2013\/11\/Geruest-ohne.jpg\" alt=\"Geruest-ohne\" width=\"520\" height=\"328\" srcset=\"https:\/\/www.langenscherfamilienverband.de\/wp-content\/uploads\/2013\/11\/Geruest-ohne.jpg 520w, https:\/\/www.langenscherfamilienverband.de\/wp-content\/uploads\/2013\/11\/Geruest-ohne-300x189.jpg 300w, https:\/\/www.langenscherfamilienverband.de\/wp-content\/uploads\/2013\/11\/Geruest-ohne-400x252.jpg 400w\" sizes=\"(max-width: 520px) 100vw, 520px\" \/><\/a><\/td>\n<td style=\"vertical-align: middle; text-align: left;\"><span style=\"font-family: Arial,Helvetica,Geneva,Swiss,SunSans-Regular; font-size: medium;\"><span style=\"font-family: Arial,Helvetica,Geneva,Swiss,SunSans-Regular; font-size: medium;\"><b>Besuch des beleuchteten Schwebebahnger\u00fcsts am 4. Mai 2004 in Wuppertal\u00a0<\/b><\/span><\/span><span style=\"font-family: Arial,Helvetica,Geneva,Swiss,SunSans-Regular; font-size: medium;\"><span style=\"font-family: Arial,Helvetica,Geneva,Swiss,SunSans-Regular; font-size: medium;\">Auf Einladung des Oberb\u00fcrgermeisters Dr.\u00a0Hans Kremendahl besichtigten Mitglieder des Vorstandes und Familienrates die beleuchtete Teilstrecke in Elberfeld.\u00a0<\/span><\/span><span style=\"color: #b22222; font-family: Arial,Helvetica,Geneva,Swiss,SunSans-Regular; font-size: small;\"><b>Das Bild zeigt den Zustand ohne Schwebebahnzug. Durch Ber\u00fchren des Bildes mit der Maus ist der Zustand bei Durchfahrt eines Zuges zu sehen.<\/b><\/span><\/td>\n<\/tr>\n<tr>\n<td width=\"353\" height=\"5\">\u00a0<\/td>\n<td height=\"5\">\u00a0<\/td>\n<\/tr>\n<tr>\n<td width=\"353\"><a href=\"http:\/\/www2.langenscherfamilienverband.de\/wp-content\/uploads\/2013\/11\/Lichtschein.jpg\"><img decoding=\"async\" loading=\"lazy\" class=\"size-full wp-image-952 alignleft\" src=\"http:\/\/www2.langenscherfamilienverband.de\/wp-content\/uploads\/2013\/11\/Lichtschein.jpg\" alt=\"Lichtschein\" width=\"520\" height=\"328\" srcset=\"https:\/\/www.langenscherfamilienverband.de\/wp-content\/uploads\/2013\/11\/Lichtschein.jpg 520w, https:\/\/www.langenscherfamilienverband.de\/wp-content\/uploads\/2013\/11\/Lichtschein-300x189.jpg 300w, https:\/\/www.langenscherfamilienverband.de\/wp-content\/uploads\/2013\/11\/Lichtschein-400x252.jpg 400w\" sizes=\"(max-width: 520px) 100vw, 520px\" \/><\/a><\/td>\n<td style=\"vertical-align: middle; text-align: center;\">\n<p style=\"text-align: left;\"><span style=\"font-family: Arial,Helvetica,Geneva,Swiss,SunSans-Regular; font-size: medium;\"><span style=\"font-family: Arial,Helvetica,Geneva,Swiss,SunSans-Regular; font-size: medium;\"><b>2. Aktion\u00a0<\/b><\/span><\/span>Schwebebahnbeleuchtung September bis Dezember 2004<\/p>\n<p style=\"text-align: left;\"><span style=\"font-family: Arial,Helvetica,Geneva,Swiss,SunSans-Regular; font-size: medium;\">Die Stadt Wuppertal verkaufte ab September Licht-Scheine im Wert von 3 Euro zugunsten der Schwebebahnbeleuchtung. Die <a href=\"http:\/\/www.wuppertal-im-lampenfieber.de\">Licht-Scheine konnten auch im Internet erworben werden<\/a>. Es gibt eine Verlosung mit attraktiven Preisen.<\/span><\/p>\n<\/td>\n<\/tr>\n<tr>\n<td width=\"353\" height=\"5\">\u00a0<\/td>\n<td height=\"5\">\u00a0<\/td>\n<\/tr>\n<tr>\n<td width=\"353\"><a href=\"http:\/\/www2.langenscherfamilienverband.de\/wp-content\/uploads\/2013\/11\/familie-bei-elschule.jpg\"><img decoding=\"async\" loading=\"lazy\" class=\"size-full wp-image-972 alignleft\" src=\"http:\/\/www2.langenscherfamilienverband.de\/wp-content\/uploads\/2013\/11\/familie-bei-elschule.jpg\" alt=\"familie-bei-elschule\" width=\"520\" height=\"383\" srcset=\"https:\/\/www.langenscherfamilienverband.de\/wp-content\/uploads\/2013\/11\/familie-bei-elschule.jpg 520w, https:\/\/www.langenscherfamilienverband.de\/wp-content\/uploads\/2013\/11\/familie-bei-elschule-300x220.jpg 300w, https:\/\/www.langenscherfamilienverband.de\/wp-content\/uploads\/2013\/11\/familie-bei-elschule-400x294.jpg 400w\" sizes=\"(max-width: 520px) 100vw, 520px\" \/><\/a><\/td>\n<td style=\"vertical-align: middle; text-align: left;\"><span style=\"font-family: Arial,Helvetica,Geneva,Swiss,SunSans-Regular;\"><span style=\"font-family: Arial,Helvetica,Geneva,Swiss,SunSans-Regular;\"><span style=\"font-family: Arial,Helvetica,Geneva,Swiss,SunSans-Regular;\"><b>Aktionstag der Eugen-Langen-Schule in Wuppertal am 25.\/26. Juni 2004\u00a0<\/b><\/span><\/span><\/span><span style=\"font-family: Arial,Helvetica,Geneva,Swiss,SunSans-Regular;\"><span style=\"font-family: Arial,Helvetica,Geneva,Swiss,SunSans-Regular;\">Unter dem Motto &#8222;Wir zeigen was wir k\u00f6nnen!&#8220; organisierte die Schule f\u00fcr Lernbehinderte einen 24-Stunden-Lauf mit weiterem Rahmenprogramm. Mitglieder der Familie wurden dazu eingeladen.<br \/><\/span><\/span>Von links nach rechts sind zu sehen: Sonja Bechstein, Angelika Bechstein, Rosemarie Ro\u00dfberg, Elisabeth B\u00fcckmann, Hermann Langen\u00a0<span style=\"font-family: Arial,Helvetica,Geneva,Swiss,SunSans-Regular; font-size: small;\"><a title=\"Bilder Aktionstag Eugen-Langen-Schule\" href=\"http:\/\/www2.langenscherfamilienverband.de\/?page_id=1016\">weitere Bilder gibt es hier<\/a><\/span><\/td>\n<\/tr>\n<tr>\n<td width=\"353\" height=\"5\">\u00a0<\/td>\n<td height=\"5\">\u00a0<\/td>\n<\/tr>\n<tr>\n<td align=\"center\" valign=\"top\" width=\"353\"><a href=\"http:\/\/www2.langenscherfamilienverband.de\/wp-content\/uploads\/2013\/11\/Eugen_Langen_Saal.jpg\"><img decoding=\"async\" loading=\"lazy\" class=\"size-full wp-image-958 alignleft\" src=\"http:\/\/www2.langenscherfamilienverband.de\/wp-content\/uploads\/2013\/11\/Eugen_Langen_Saal.jpg\" alt=\"Eugen_Langen_Saal\" width=\"520\" height=\"307\" srcset=\"https:\/\/www.langenscherfamilienverband.de\/wp-content\/uploads\/2013\/11\/Eugen_Langen_Saal.jpg 520w, https:\/\/www.langenscherfamilienverband.de\/wp-content\/uploads\/2013\/11\/Eugen_Langen_Saal-300x177.jpg 300w, https:\/\/www.langenscherfamilienverband.de\/wp-content\/uploads\/2013\/11\/Eugen_Langen_Saal-400x236.jpg 400w\" sizes=\"(max-width: 520px) 100vw, 520px\" \/><\/a><\/td>\n<td style=\"vertical-align: middle; text-align: left;\"><b><b><span style=\"font-family: Arial,Helvetica,Geneva,Swiss,SunSans-Regular; font-size: medium;\">Einweihung des Eugen-Langen-Saals der Bergischen Universit\u00e4t in Wuppertal 27. Juni 2003\u00a0<\/span><\/b><\/b>von links nach rechts :Beatrix March, Eckart March, Karl-Ernst Ro\u00dfberg, Hermann Langen, Theo Glasmacher, Rosemarie Ro\u00dfberg, Matthias Langen, Doris Langen, Helga Glasmacher, Angelika Bechstein<\/td>\n<\/tr>\n<tr>\n<td valign=\"top\" width=\"353\" height=\"3\">\u00a0<\/td>\n<td valign=\"top\" height=\"3\">\u00a0<\/td>\n<\/tr>\n<tr>\n<td valign=\"top\" width=\"353\"><a href=\"http:\/\/www2.langenscherfamilienverband.de\/wp-content\/uploads\/2013\/11\/TreffenBrasilien.jpg\"><img decoding=\"async\" loading=\"lazy\" class=\"size-full wp-image-957 alignleft\" src=\"http:\/\/www2.langenscherfamilienverband.de\/wp-content\/uploads\/2013\/11\/TreffenBrasilien.jpg\" alt=\"TreffenBrasilien\" width=\"350\" height=\"293\" srcset=\"https:\/\/www.langenscherfamilienverband.de\/wp-content\/uploads\/2013\/11\/TreffenBrasilien.jpg 350w, https:\/\/www.langenscherfamilienverband.de\/wp-content\/uploads\/2013\/11\/TreffenBrasilien-300x251.jpg 300w\" sizes=\"(max-width: 350px) 100vw, 350px\" \/><\/a><\/td>\n<td style=\"vertical-align: middle; text-align: center;\">\n<p style=\"text-align: left;\"><span style=\"font-family: Arial,Helvetica,Geneva,Swiss,SunSans-Regular; font-size: medium;\"><span style=\"font-family: Arial,Helvetica,Geneva,Swiss,SunSans-Regular; font-size: medium;\"><b>Familientreffen Sao Paulo \/\u00a0Brasilien<\/b><\/span><\/span><\/p>\n<p style=\"text-align: left;\">30. September 1978<span style=\"font-family: Arial,Helvetica,Geneva,Swiss,SunSans-Regular; font-size: small;\"><span style=\"font-family: Arial,Helvetica,Geneva,Swiss,SunSans-Regular; font-size: small;\">hinter und auf der Mauer :<\/span><\/span>Reinhard Langen (IId1-4-2), Axel Ro\u00dfberg (VIIIo1-3-2), Ricardo Berg (VIIa4-1-1-1), Wolfgang Ro\u00dfberg (VIIIo1-3-1)<span style=\"font-family: Arial,Helvetica,Geneva,Swiss,SunSans-Regular; font-size: small;\"><span style=\"font-family: Arial,Helvetica,Geneva,Swiss,SunSans-Regular; font-size: small;\">vor der Mauer stehend :<\/span><\/span>Rosemarie Ro\u00dfberg (VIIIo1-3), Karl-Ernst Ro\u00dfberg (VIIIo1-3), Julia Bennecke (VIIa4-2). Ursula Langen (IId1-4-1), Costanze Bennecke (VIIa4-2-2), Martha Langen (IId1-4), Katharina Berg (VIIa4-1-1), Fritz Berg (VIIa4-1-1), Richard (Ritschi) Berg (VIIa4-1), Maria (Ria)\u00a0Berg (VIIa4-1), Viktoria (Tori)\u00a0Gessert (VIIa2-1-1), Ruth Rose-Gessert (VIIa2-1), Elfriede Ro\u00dfberg (Mutter von Karl-Ernst Ro\u00dfberg), Christoph Langen (IId1-4-1)<\/p>\n<p><span style=\"font-family: Arial,Helvetica,Geneva,Swiss,SunSans-Regular; font-size: small;\">davor sitzend bzw. stehend :<br \/>Gerd Langen (IId1-4). Mara M\u00fcller-Andreae (VIIIi4-1), Peter Gessert (VIIa2-1-1-2), Martina (Tina) Gessert (VIIa2-1-1-1)<\/span><\/p>\n<p><span style=\"font-family: Arial,Helvetica,Geneva,Swiss,SunSans-Regular; font-size: small;\">Photograph : Klaus Gessert (VIIa2-1-1)<\/span><\/p>\n<\/td>\n<\/tr>\n<tr>\n<td valign=\"top\" width=\"353\">\u00a0<\/td>\n<td valign=\"top\">\u00a0<\/td>\n<\/tr>\n<\/tbody>\n<\/table>\n<p>\u00a0<\/p>\n<p><span style=\"font-family: Arial,Helvetica,Geneva,Swiss,SunSans-Regular; font-size: small;\"><i>Hinweis : Der Langensche Familienverband ist f\u00fcr die Inhalte der als Links angegebenen Seiten nicht verantwortlich.<\/i><\/span><\/p>\n<p>\u00a0<\/p>\n\n\n<p><\/p>\n","protected":false},"excerpt":{"rendered":"<p>Ereignisse Hier sind interessante Ereignisse zu finden, die mit der Familie und ihrer Geschichte in Verbindung stehen. Weitere Ereignisse k\u00f6nnen m\u00f6glichst mit Bildern an info@langenscherfamilienverband.de gemeldet werden. Familientage in Wuppertal \u00a0 Nachrichtenblatt Januar 2020, Seite 18-22 Haus Bollheim uns seine &hellip; <a href=\"https:\/\/www.langenscherfamilienverband.de\/?page_id=959\">Weiterlesen <span class=\"meta-nav\">&rarr;<\/span><\/a><\/p>\n","protected":false},"author":1,"featured_media":0,"parent":34,"menu_order":0,"comment_status":"closed","ping_status":"closed","template":"onecolumn-page.php","meta":[],"_links":{"self":[{"href":"https:\/\/www.langenscherfamilienverband.de\/index.php?rest_route=\/wp\/v2\/pages\/959"}],"collection":[{"href":"https:\/\/www.langenscherfamilienverband.de\/index.php?rest_route=\/wp\/v2\/pages"}],"about":[{"href":"https:\/\/www.langenscherfamilienverband.de\/index.php?rest_route=\/wp\/v2\/types\/page"}],"author":[{"embeddable":true,"href":"https:\/\/www.langenscherfamilienverband.de\/index.php?rest_route=\/wp\/v2\/users\/1"}],"replies":[{"embeddable":true,"href":"https:\/\/www.langenscherfamilienverband.de\/index.php?rest_route=%2Fwp%2Fv2%2Fcomments&post=959"}],"version-history":[{"count":38,"href":"https:\/\/www.langenscherfamilienverband.de\/index.php?rest_route=\/wp\/v2\/pages\/959\/revisions"}],"predecessor-version":[{"id":2908,"href":"https:\/\/www.langenscherfamilienverband.de\/index.php?rest_route=\/wp\/v2\/pages\/959\/revisions\/2908"}],"up":[{"embeddable":true,"href":"https:\/\/www.langenscherfamilienverband.de\/index.php?rest_route=\/wp\/v2\/pages\/34"}],"wp:attachment":[{"href":"https:\/\/www.langenscherfamilienverband.de\/index.php?rest_route=%2Fwp%2Fv2%2Fmedia&parent=959"}],"curies":[{"name":"wp","href":"https:\/\/api.w.org\/{rel}","templated":true}]}}